{"id":892,"date":"2019-02-08T02:27:03","date_gmt":"2019-02-08T01:27:03","guid":{"rendered":"https:\/\/www.chris-stoeckel.de\/?page_id=892"},"modified":"2019-05-06T21:07:50","modified_gmt":"2019-05-06T19:07:50","slug":"corporateidentity","status":"publish","type":"page","link":"https:\/\/www.chris-stoeckel.de\/de\/corporateidentity\/","title":{"rendered":"CI-Designs"},"content":{"rendered":"<p>[vc_row full_width=&#8221;stretch_row_content_no_spaces&#8221;][vc_column]<div class=\"vl-hero-header vl-parallax vl-parallax--hero-effect\"  style=\"background-image: url(https:\/\/www.chris-stoeckel.de\/wp-content\/uploads\/2019\/03\/CID_Header_ALL_02.jpg);\"><div class=\"vl-hero-header--border\"><\/div><div class=\"vl-hero-header--inner\" style=\"padding-bottom: 225px; padding-top: 250px;\"><div class=\"container\"><div class=\"vl-text-center\"><\/div><\/div><\/div><\/div>[vc_empty_space height=&#8221;50px&#8221;][\/vc_column][\/vc_row][vc_row][vc_column width=&#8221;1\/12&#8243;][vc_icon icon_fontawesome=&#8221;fa fa-hand-o-right&#8221; color=&#8221;juicy_pink&#8221; size=&#8221;lg&#8221; align=&#8221;center&#8221; css_animation=&#8221;fadeInLeft&#8221;][\/vc_column][vc_column width=&#8221;11\/12&#8243;][vc_custom_heading text=&#8221;CONTINUITY &#8211; ONE Design that MAKES THEM ALL SPECIAL&#8221; use_theme_fonts=&#8221;yes&#8221;][\/vc_column][\/vc_row][vc_row][vc_column][vc_column_text]<\/p>\n<h6><strong>Corporate Identity (CI) Design<\/strong> vereinheitlicht im Wesentlichen das Erscheinungsbild Ihrer vielf\u00e4ltigen Presentations-Medien unter einer einheitlichen Design-Struktur. <em>(Denken Sie an Schriftst\u00fccke, B\u00fcro-Utensilien, Give-away-Artikel, <\/em><em>Visitenkarten,\u00a0<\/em><em>Smart-Devices, Unternehmens PKWs, etc.)<\/em><\/h6>\n<p>[\/vc_column_text][\/vc_column][\/vc_row][vc_row][vc_column width=&#8221;11\/12&#8243;][vc_separator color=&#8221;pink&#8221; align=&#8221;align_left&#8221; el_width=&#8221;30&#8243;][vc_empty_space height=&#8221;10px&#8221;][vc_images_carousel images=&#8221;2552,2527,2528&#8243; img_size=&#8221;1024&#215;700&#8243; onclick=&#8221;link_no&#8221; autoplay=&#8221;yes&#8221; hide_pagination_control=&#8221;yes&#8221; hide_prev_next_buttons=&#8221;yes&#8221; wrap=&#8221;yes&#8221;][vc_custom_heading text=&#8221;\u00a9 CS-Design &#8211; Presented corporate-identity design examples are exclusively for exemplary viewing purpose only and are to be understood as standalone layouts without further interpretation&#8221; font_container=&#8221;tag:h6|font_size:10|text_align:left&#8221; use_theme_fonts=&#8221;yes&#8221;][vc_separator color=&#8221;pink&#8221; align=&#8221;align_left&#8221; el_width=&#8221;30&#8243;][\/vc_column][vc_column width=&#8221;1\/12&#8243;][vc_empty_space height=&#8221;50px&#8221;][vc_text_separator title=&#8221;examples&#8221; i_icon_fontawesome=&#8221;fa fa-angle-double-left&#8221; i_color=&#8221;juicy_pink&#8221; title_align=&#8221;separator_align_left&#8221; color=&#8221;white&#8221; style=&#8221;dotted&#8221; el_width=&#8221;50&#8243; css_animation=&#8221;fadeInDown&#8221; add_icon=&#8221;true&#8221; css=&#8221;.vc_custom_1553660933644{margin-right: 150px !important;border-right-width: 150px !important;padding-right: 150px !important;}&#8221;][\/vc_column][\/vc_row][vc_row][vc_column width=&#8221;11\/12&#8243;][vc_column_text]<\/p>\n<h6>Gerne implementieren wir Ihre bereits existenten Designs <em>(z.B. Logo)<\/em> in eine Vielzahl von Unterst\u00fctzenden Farben, Formen und konzeptionellen Designs, um eine stimmige und ansprechende mediale Pr\u00e4sentation Ihrer individuellen Unternehmensform aufzubauen bzw. zu st\u00e4rken.<\/h6>\n<p>[\/vc_column_text][vc_column_text]<\/p>\n<h6>Neben einem professionellen und stimmigen Erscheinungsbild des geordneten Au\u00dfenauftritts k\u00f6nnen Corporate Identity-Designs das interne Teamgef\u00fchl und das Zugeh\u00f6rigkeitsgef\u00fchl deutlich st\u00e4rken.<\/h6>\n<p>[\/vc_column_text][vc_column_text]<\/p>\n<h6>Auf Wunsch arbeiten wir nat\u00fcrlich strikt nach den von Ihnen ausgelegten <strong>Design-Richtlinien<\/strong>.<\/h6>\n<p>[\/vc_column_text][vc_separator color=&#8221;pink&#8221; align=&#8221;align_left&#8221; el_width=&#8221;30&#8243;][\/vc_column][vc_column width=&#8221;1\/12&#8243;][vc_empty_space height=&#8221;50px&#8221;][vc_icon icon_fontawesome=&#8221;fa fa-chevron-down&#8221; color=&#8221;juicy_pink&#8221; align=&#8221;center&#8221; css_animation=&#8221;fadeInDown&#8221; css=&#8221;.vc_custom_1552585899499{padding-left: 60px !important;}&#8221;][vc_empty_space height=&#8221;25px&#8221;]<a href=\"https:\/\/www.chris-stoeckel.de\/de\/contact\" target =\"_self\" class=\"vl-btn vl-btn--primary vl-btn--sm vl-btn--effect\"><span class=\"vl-btn--text\">Kontakt<\/span><i class=\"vl-btn--icon fa fa-envelope-open-o\"><\/i><\/a>[\/vc_column][\/vc_row][vc_row][vc_column][vc_empty_space height=&#8221;10px&#8221;][\/vc_column][\/vc_row]<\/p>","protected":false},"excerpt":{"rendered":"<p>[vc_row full_width=&#8221;stretch_row_content_no_spaces&#8221;][vc_column][vc_empty_space height=&#8221;50px&#8221;][\/vc_column][\/vc_row][vc_row][vc_column width=&#8221;1\/12&#8243;][vc_icon icon_fontawesome=&#8221;fa fa-hand-o-right&#8221; color=&#8221;juicy_pink&#8221; size=&#8221;lg&#8221; align=&#8221;center&#8221; css_animation=&#8221;fadeInLeft&#8221;][\/vc_column][vc_column width=&#8221;11\/12&#8243;][vc_custom_heading text=&#8221;CONTINUITY &#8211; ONE Design that MAKES THEM ALL SPECIAL&#8221; use_theme_fonts=&#8221;yes&#8221;][\/vc_column][\/vc_row][vc_row][vc_column][vc_column_text] Corporate Identity (CI) Design basically unifies the outward appearance of your diversified media under a coherent design structure. (Think of written forms, office utensils, give-away-items, business cards,\u00a0smart-devices, company vehicles, etc.) [\/vc_column_text][\/vc_column][\/vc_row][vc_row][vc_column width=&#8221;11\/12&#8243;][vc_separator color=&#8221;pink&#8221; align=&#8221;align_left&#8221; el_width=&#8221;30&#8243;][vc_empty_space height=&#8221;10px&#8221;][vc_images_carousel images=&#8221;2552,2527,2528&#8243; img_size=&#8221;1024&#215;700&#8243; onclick=&#8221;link_no&#8221; autoplay=&#8221;yes&#8221; hide_pagination_control=&#8221;yes&#8221; hide_prev_next_buttons=&#8221;yes&#8221; wrap=&#8221;yes&#8221;][vc_custom_heading text=&#8221;\u00a9 &#8230;<\/p>","protected":false},"author":5,"featured_media":0,"parent":0,"menu_order":0,"comment_status":"closed","ping_status":"closed","template":"template-page-custom.php","meta":[],"_links":{"self":[{"href":"https:\/\/www.chris-stoeckel.de\/de\/wp-json\/wp\/v2\/pages\/892"}],"collection":[{"href":"https:\/\/www.chris-stoeckel.de\/de\/wp-json\/wp\/v2\/pages"}],"about":[{"href":"https:\/\/www.chris-stoeckel.de\/de\/wp-json\/wp\/v2\/types\/page"}],"author":[{"embeddable":true,"href":"https:\/\/www.chris-stoeckel.de\/de\/wp-json\/wp\/v2\/users\/5"}],"replies":[{"embeddable":true,"href":"https:\/\/www.chris-stoeckel.de\/de\/wp-json\/wp\/v2\/comments?post=892"}],"version-history":[{"count":75,"href":"https:\/\/www.chris-stoeckel.de\/de\/wp-json\/wp\/v2\/pages\/892\/revisions"}],"predecessor-version":[{"id":3743,"href":"https:\/\/www.chris-stoeckel.de\/de\/wp-json\/wp\/v2\/pages\/892\/revisions\/3743"}],"wp:attachment":[{"href":"https:\/\/www.chris-stoeckel.de\/de\/wp-json\/wp\/v2\/media?parent=892"}],"curies":[{"name":"wp","href":"https:\/\/api.w.org\/{rel}","templated":true}]}}