{"id":798,"date":"2019-02-07T21:29:09","date_gmt":"2019-02-07T20:29:09","guid":{"rendered":"https:\/\/www.chris-stoeckel.de\/?page_id=798"},"modified":"2019-07-01T20:45:25","modified_gmt":"2019-07-01T18:45:25","slug":"design-solutions","status":"publish","type":"page","link":"https:\/\/www.chris-stoeckel.de\/de\/design-solutions\/","title":{"rendered":"Design Kategorien"},"content":{"rendered":"<p>[vc_row full_width=&#8221;stretch_row_content_no_spaces&#8221;][vc_column]<div class=\"vl-hero-header vl-parallax vl-parallax--hero-effect\"  style=\"background-image: url(https:\/\/www.chris-stoeckel.de\/wp-content\/uploads\/2019\/05\/Design_Solutions_Header_10.jpg);\"><div class=\"vl-hero-header--border\"><\/div><div class=\"vl-hero-header--inner\" style=\"padding-bottom: ; padding-top: 625px;\"><div class=\"container\"><div class=\"vl-text-center\"><\/div><\/div><\/div><\/div>[\/vc_column][\/vc_row][vc_row full_width=&#8221;stretch_row_content&#8221;][vc_column width=&#8221;1\/4&#8243; css=&#8221;.vc_custom_1554170148114{padding-left: 50px !important;}&#8221;][vc_icon icon_fontawesome=&#8221;fa fa-angle-double-down&#8221; color=&#8221;juicy_pink&#8221; size=&#8221;lg&#8221; align=&#8221;center&#8221; css_animation=&#8221;fadeInDown&#8221;][\/vc_column][vc_column width=&#8221;1\/6&#8243; css=&#8221;.vc_custom_1554169754706{padding-left: 185px !important;}&#8221;][vc_icon icon_fontawesome=&#8221;fa fa-angle-double-down&#8221; color=&#8221;juicy_pink&#8221; size=&#8221;lg&#8221; align=&#8221;center&#8221; css_animation=&#8221;fadeInDown&#8221;][\/vc_column][vc_column width=&#8221;1\/6&#8243;][\/vc_column][vc_column width=&#8221;1\/6&#8243; css=&#8221;.vc_custom_1554169727804{padding-right: 200px !important;}&#8221;][vc_icon icon_fontawesome=&#8221;fa fa-angle-double-down&#8221; color=&#8221;juicy_pink&#8221; size=&#8221;lg&#8221; align=&#8221;center&#8221; css_animation=&#8221;fadeInDown&#8221;][\/vc_column][vc_column width=&#8221;1\/4&#8243; css=&#8221;.vc_custom_1554169711552{padding-right: 50px !important;}&#8221;][vc_icon icon_fontawesome=&#8221;fa fa-angle-double-down&#8221; color=&#8221;juicy_pink&#8221; size=&#8221;lg&#8221; align=&#8221;center&#8221; css_animation=&#8221;fadeInDown&#8221;][\/vc_column][\/vc_row][vc_row full_width=&#8221;stretch_row_content_no_spaces&#8221; css=&#8221;.vc_custom_1553109877527{padding-right: 25px !important;padding-left: 25px !important;}&#8221;][vc_column width=&#8221;1\/4&#8243;][vc_custom_heading text=&#8221;Posters&#8221; font_container=&#8221;tag:h2|text_align:center&#8221; use_theme_fonts=&#8221;yes&#8221; link=&#8221;url:https%3A%2F%2Fwww.chris-stoeckel.de%2Fposters%2F||target:%20_blank|&#8221;][vc_empty_space height=&#8221;25px&#8221;][vc_single_image image=&#8221;2874&#8243; img_size=&#8221;large&#8221; alignment=&#8221;center&#8221; onclick=&#8221;custom_link&#8221; img_link_target=&#8221;_blank&#8221; link=&#8221;https:\/\/www.chris-stoeckel.de\/posters\/&#8221; css=&#8221;.vc_custom_1554262235462{padding-right: 10px !important;padding-left: 10px !important;}&#8221;][\/vc_column][vc_column width=&#8221;1\/4&#8243;][vc_custom_heading text=&#8221;Flyers&#8221; font_container=&#8221;tag:h2|text_align:center&#8221; use_theme_fonts=&#8221;yes&#8221; link=&#8221;url:https%3A%2F%2Fwww.chris-stoeckel.de%2Fflyers%2F||target:%20_blank|&#8221;][vc_empty_space height=&#8221;50px&#8221;][vc_single_image image=&#8221;2676&#8243; img_size=&#8221;large&#8221; alignment=&#8221;center&#8221; onclick=&#8221;custom_link&#8221; img_link_target=&#8221;_blank&#8221; link=&#8221;https:\/\/www.chris-stoeckel.de\/flyers\/&#8221; css=&#8221;.vc_custom_1554155559271{padding-right: 10px !important;padding-left: 10px !important;}&#8221;][\/vc_column][vc_column width=&#8221;1\/4&#8243;][vc_custom_heading text=&#8221;Book-Covers&#8221; font_container=&#8221;tag:h2|text_align:center&#8221; use_theme_fonts=&#8221;yes&#8221; link=&#8221;url:https%3A%2F%2Fwww.chris-stoeckel.de%2Fbook-covers%2F||target:%20_blank|&#8221;][vc_single_image image=&#8221;3880&#8243; img_size=&#8221;large&#8221; alignment=&#8221;center&#8221; onclick=&#8221;custom_link&#8221; img_link_target=&#8221;_blank&#8221; link=&#8221;https:\/\/www.chris-stoeckel.de\/book-covers\/&#8221; css=&#8221;.vc_custom_1562006722637{padding-right: 10px !important;padding-left: 10px !important;}&#8221;][\/vc_column][vc_column width=&#8221;1\/4&#8243;][vc_custom_heading text=&#8221;Corporate Identity&#8221; font_container=&#8221;tag:h2|text_align:center&#8221; use_theme_fonts=&#8221;yes&#8221; link=&#8221;url:https%3A%2F%2Fwww.chris-stoeckel.de%2Fcorporateidentity%2F||target:%20_blank|&#8221;][vc_empty_space height=&#8221;75px&#8221;][vc_single_image image=&#8221;2685&#8243; img_size=&#8221;large&#8221; alignment=&#8221;center&#8221; onclick=&#8221;custom_link&#8221; img_link_target=&#8221;_blank&#8221; link=&#8221;https:\/\/www.chris-stoeckel.de\/corporateidentity\/&#8221; css=&#8221;.vc_custom_1554156312965{padding-right: 10px !important;padding-left: 10px !important;}&#8221;][\/vc_column][\/vc_row][vc_row full_width=&#8221;stretch_row_content_no_spaces&#8221;][vc_column][vc_empty_space height=&#8221;25px&#8221;][vc_separator color=&#8221;juicy_pink&#8221;][vc_empty_space height=&#8221;25px&#8221;][\/vc_column][\/vc_row][vc_row full_width=&#8221;stretch_row_content_no_spaces&#8221;][vc_column width=&#8221;1\/12&#8243;][\/vc_column][vc_column width=&#8221;1\/12&#8243;][vc_icon type=&#8221;linecons&#8221; icon_linecons=&#8221;vc_li vc_li-bulb&#8221; color=&#8221;juicy_pink&#8221; size=&#8221;lg&#8221; align=&#8221;center&#8221; css_animation=&#8221;fadeInDown&#8221;][\/vc_column][vc_column width=&#8221;10\/12&#8243;][vc_custom_heading text=&#8221;Not quite what you&#8217;re looking for?&#8221; use_theme_fonts=&#8221;yes&#8221;][\/vc_column][\/vc_row][vc_row full_width=&#8221;stretch_row_content_no_spaces&#8221;][vc_column width=&#8221;1\/12&#8243;][\/vc_column][vc_column width=&#8221;1\/12&#8243;][\/vc_column][vc_column width=&#8221;3\/12&#8243;][vc_single_image image=&#8221;2032&#8243; img_size=&#8221;500&#215;500&#8243;][\/vc_column][vc_column width=&#8221;2\/12&#8243;][vc_empty_space height=&#8221;290px&#8221;][vc_icon icon_fontawesome=&#8221;fa fa-arrow-right&#8221; color=&#8221;juicy_pink&#8221; size=&#8221;xl&#8221; align=&#8221;center&#8221; css_animation=&#8221;fadeInDown&#8221;][\/vc_column][vc_column width=&#8221;5\/12&#8243;][vc_empty_space height=&#8221;150px&#8221;][vc_separator color=&#8221;pink&#8221; align=&#8221;align_left&#8221; el_width=&#8221;30&#8243;][vc_column_text]<\/p>\n<h6>Sie haben nicht ganz gefunden, was Sie gesucht haben? Nicht aufgeben - wir sind hier, um zu helfen und sind bereit, auch andere Designauftr\u00e4ge anzunehmen. <a href=\"https:\/\/www.chris-stoeckel.de\/de\/contact\" target=\"_blank\" rel=\"noopener noreferrer\"><strong><span style=\"color: #ff0000;\">Kontaktieren Sie uns.<\/span><\/strong><\/a>; Erl\u00e4utern Sie uns Ihre W\u00fcnsche, Bed\u00fcrfnisse oder Ideen und wir erarbeiten gemeinsam mit Ihnen eine passende L\u00f6sung.<\/h6>\n<p>[\/vc_column_text]<a href=\"https:\/\/www.chris-stoeckel.de\/de\/contact\" target =\"_blank\" class=\"vl-btn vl-btn--primary vl-btn--sm vl-btn--effect\"><span class=\"vl-btn--text\">Kontakt<\/span><i class=\"vl-btn--icon fa fa-envelope-open-o\"><\/i><\/a>[\/vc_column][\/vc_row][vc_row][vc_column][vc_empty_space height=&#8221;25px&#8221;][\/vc_column][\/vc_row]<\/p>","protected":false},"excerpt":{"rendered":"<p>[vc_row full_width=&#8221;stretch_row_content_no_spaces&#8221;][vc_column][\/vc_column][\/vc_row][vc_row full_width=&#8221;stretch_row_content&#8221;][vc_column width=&#8221;1\/4&#8243; css=&#8221;.vc_custom_1554170148114{padding-left: 50px !important;}&#8221;][vc_icon icon_fontawesome=&#8221;fa fa-angle-double-down&#8221; color=&#8221;juicy_pink&#8221; size=&#8221;lg&#8221; align=&#8221;center&#8221; css_animation=&#8221;fadeInDown&#8221;][\/vc_column][vc_column width=&#8221;1\/6&#8243; css=&#8221;.vc_custom_1554169754706{padding-left: 185px !important;}&#8221;][vc_icon icon_fontawesome=&#8221;fa fa-angle-double-down&#8221; color=&#8221;juicy_pink&#8221; size=&#8221;lg&#8221; align=&#8221;center&#8221; css_animation=&#8221;fadeInDown&#8221;][\/vc_column][vc_column width=&#8221;1\/6&#8243;][\/vc_column][vc_column width=&#8221;1\/6&#8243; css=&#8221;.vc_custom_1554169727804{padding-right: 200px !important;}&#8221;][vc_icon icon_fontawesome=&#8221;fa fa-angle-double-down&#8221; color=&#8221;juicy_pink&#8221; size=&#8221;lg&#8221; align=&#8221;center&#8221; css_animation=&#8221;fadeInDown&#8221;][\/vc_column][vc_column width=&#8221;1\/4&#8243; css=&#8221;.vc_custom_1554169711552{padding-right: 50px !important;}&#8221;][vc_icon icon_fontawesome=&#8221;fa fa-angle-double-down&#8221; color=&#8221;juicy_pink&#8221; size=&#8221;lg&#8221; align=&#8221;center&#8221; css_animation=&#8221;fadeInDown&#8221;][\/vc_column][\/vc_row][vc_row full_width=&#8221;stretch_row_content_no_spaces&#8221; css=&#8221;.vc_custom_1553109877527{padding-right: 25px !important;padding-left: 25px !important;}&#8221;][vc_column width=&#8221;1\/4&#8243;][vc_custom_heading text=&#8221;Posters&#8221; font_container=&#8221;tag:h2|text_align:center&#8221; use_theme_fonts=&#8221;yes&#8221; link=&#8221;url:https%3A%2F%2Fwww.chris-stoeckel.de%2Fposters%2F||target:%20_blank|&#8221;][vc_empty_space height=&#8221;25px&#8221;][vc_single_image image=&#8221;2874&#8243; img_size=&#8221;large&#8221; alignment=&#8221;center&#8221; onclick=&#8221;custom_link&#8221; img_link_target=&#8221;_blank&#8221; link=&#8221;https:\/\/www.chris-stoeckel.de\/posters\/&#8221; css=&#8221;.vc_custom_1554262235462{padding-right: 10px !important;padding-left: &#8230;<\/p>","protected":false},"author":5,"featured_media":0,"parent":0,"menu_order":0,"comment_status":"closed","ping_status":"closed","template":"template-page-custom.php","meta":[],"_links":{"self":[{"href":"https:\/\/www.chris-stoeckel.de\/de\/wp-json\/wp\/v2\/pages\/798"}],"collection":[{"href":"https:\/\/www.chris-stoeckel.de\/de\/wp-json\/wp\/v2\/pages"}],"about":[{"href":"https:\/\/www.chris-stoeckel.de\/de\/wp-json\/wp\/v2\/types\/page"}],"author":[{"embeddable":true,"href":"https:\/\/www.chris-stoeckel.de\/de\/wp-json\/wp\/v2\/users\/5"}],"replies":[{"embeddable":true,"href":"https:\/\/www.chris-stoeckel.de\/de\/wp-json\/wp\/v2\/comments?post=798"}],"version-history":[{"count":254,"href":"https:\/\/www.chris-stoeckel.de\/de\/wp-json\/wp\/v2\/pages\/798\/revisions"}],"predecessor-version":[{"id":3881,"href":"https:\/\/www.chris-stoeckel.de\/de\/wp-json\/wp\/v2\/pages\/798\/revisions\/3881"}],"wp:attachment":[{"href":"https:\/\/www.chris-stoeckel.de\/de\/wp-json\/wp\/v2\/media?parent=798"}],"curies":[{"name":"wp","href":"https:\/\/api.w.org\/{rel}","templated":true}]}}