{"id":640,"date":"2019-02-03T22:20:55","date_gmt":"2019-02-03T21:20:55","guid":{"rendered":"https:\/\/www.chris-stoeckel.de\/?page_id=640"},"modified":"2019-06-29T23:37:22","modified_gmt":"2019-06-29T21:37:22","slug":"gallery-2","status":"publish","type":"page","link":"https:\/\/www.chris-stoeckel.de\/de\/gallery-2\/","title":{"rendered":"Galerie"},"content":{"rendered":"<p>[vc_row full_width=&#8221;stretch_row_content_no_spaces&#8221;][vc_column]<div class=\"vl-hero-header vl-parallax vl-parallax--hero-effect\"  style=\"background-image: url(https:\/\/www.chris-stoeckel.de\/wp-content\/uploads\/2019\/03\/Gallery_Header_Top_09.jpg);\"><div class=\"vl-hero-header--inner\" style=\"padding-bottom: 300px; padding-top: 200;\"><div class=\"container\"><div class=\"vl-text-center\"><\/div><\/div><\/div><\/div>[\/vc_column][\/vc_row][vc_row full_width=&#8221;stretch_row_content_no_spaces&#8221;][vc_column width=&#8221;1\/4&#8243;]<div class=\"vl-team-member campaign\" style=\"margin-bottom: 0px;\"><img src=\"https:\/\/www.chris-stoeckel.de\/wp-content\/uploads\/2019\/04\/Info_Campaigns_Logo_Image_01-e1557933179849.jpg\" alt=\"\"><div class=\"vl-overlay\" style=\"background-color: rgba(255,255,255, 0.9);\"><\/div><div class=\"vl-team-member--description\"><h2 style=\"color:#000000;\">Grafik-Kampagnen<\/h2><strong style=\"color:#ef4138;\">auff\u00e4llige, markante, grafische Kampagnen-Beispiele<\/strong><\/div><\/div><div class=\"vl-team-member ideas\" style=\"margin-bottom: 0px;\"><img src=\"https:\/\/www.chris-stoeckel.de\/wp-content\/uploads\/2019\/03\/lightbulb_seedling_02-e1557933040393.png\" alt=\"\"><div class=\"vl-overlay\" style=\"background-color: rgba(255,255,255, 0.9);\"><\/div><div class=\"vl-team-member--description\"><h2 style=\"color:#000000;\">Ideen & Anwendungsbereiche bzgl. informativer Design-Kampagnen<\/h2><strong style=\"color:#ef4138;\">Lassen Sie sich inspirieren<\/strong><\/div><\/div>[\/vc_column][vc_column width=&#8221;1\/4&#8243;]<div class=\"vl-team-member flyer\" style=\"margin-bottom: 0px;\"><img src=\"https:\/\/www.chris-stoeckel.de\/wp-content\/uploads\/2019\/04\/Flyer_Logo_Image_03.png\" alt=\"\"><div class=\"vl-overlay\" style=\"background-color: rgba(255,255,255, 0.9);\"><\/div><div class=\"vl-team-member--description\"><h2 style=\"color:#000000;\">Flyer<\/h2><\/div><\/div><div class=\"vl-team-member artwork\" style=\"margin-bottom: 0px;\"><img src=\"https:\/\/www.chris-stoeckel.de\/wp-content\/uploads\/2019\/02\/house-composition-pre-finla-3.jpg\" alt=\"\"><div class=\"vl-overlay\" style=\"background-color: rgba(255,255,255, 0.9);\"><\/div><div class=\"vl-team-member--description\"><h2 style=\"color:#000000;\">Konzeptionelle Bildkompositionen<\/h2><strong style=\"color:#ef4138;\">Ausdrucksstarke, kreative Digital-Kunst.<\/strong><\/div><\/div><div class=\"vl-team-member news\" style=\"margin-bottom: 0px;\"><img src=\"https:\/\/www.chris-stoeckel.de\/wp-content\/uploads\/2019\/06\/News_small_blog_new.jpg\" alt=\"\"><div class=\"vl-overlay\" style=\"background-color: rgba(255,255,255, 0.9);\"><\/div><div class=\"vl-team-member--description\"><h2 style=\"color:#000000;\">Blog & aktuelle Projekte<\/h2><\/div><\/div>[\/vc_column][vc_column width=&#8221;1\/4&#8243;]<div class=\"vl-team-member book\" style=\"margin-bottom: 0px;\"><img src=\"https:\/\/www.chris-stoeckel.de\/wp-content\/uploads\/2019\/03\/Book_design_image_F05.jpg\" alt=\"\"><div class=\"vl-overlay\" style=\"background-color: rgba(255,255,255, 0.9);\"><\/div><div class=\"vl-team-member--description\"><h2 style=\"color:#000000;\">Buch-Cover<\/h2><\/div><\/div><div class=\"vl-team-member poster\" style=\"margin-bottom: ;\"><img src=\"https:\/\/www.chris-stoeckel.de\/wp-content\/uploads\/2019\/04\/Poster_example_02_big_small.jpg\" alt=\"\"><div class=\"vl-overlay\" style=\"background-color: rgba(255,255,255,0.9);\"><\/div><div class=\"vl-team-member--description\"><h2 style=\"color:#000000;\">Poster<\/h2><\/div><\/div>[\/vc_column][vc_column width=&#8221;1\/4&#8243;]<div class=\"vl-team-member cid\" style=\"margin-bottom: 0px;\"><img src=\"https:\/\/www.chris-stoeckel.de\/wp-content\/uploads\/2019\/04\/CID_Logo_Image_01.png\" alt=\"\"><div class=\"vl-overlay\" style=\"background-color: rgba(255,255,255, 0.9);\"><\/div><div class=\"vl-team-member--description\"><h2 style=\"color:#000000;\">Corporate Identity Design<\/h2><\/div><\/div><div class=\"vl-team-member contact\" style=\"margin-bottom: ;\"><img src=\"https:\/\/www.chris-stoeckel.de\/wp-content\/uploads\/2019\/03\/2250-e1557933450551.jpg\" alt=\"\"><div class=\"vl-overlay\" style=\"background-color: rgba(255,255,255,0.9);\"><\/div><div class=\"vl-team-member--description\"><h2 style=\"color:#000000;\">Kontakt<\/h2><strong style=\"color:#ef4138;\">Ihre Ideen, Anforderungen und W\u00fcnsche<\/strong><\/div><\/div>[\/vc_column][\/vc_row][vc_row full_width=&#8221;stretch_row_content&#8221;][vc_column][vc_empty_space height=&#8221;100px&#8221;][vc_separator color=&#8221;juicy_pink&#8221; style=&#8221;shadow&#8221;][vc_empty_space height=&#8221;25px&#8221;][\/vc_column][\/vc_row][vc_row full_width=&#8221;stretch_row_content_no_spaces&#8221;][vc_column css=&#8221;.vc_custom_1556919374990{padding-left: 185px !important;}&#8221;][vc_single_image image=&#8221;3617&#8243; img_size=&#8221;full&#8221;][\/vc_column][\/vc_row][vc_row][vc_column][vc_column_text]Just as there are no two humans alike, no two companies the same, we think of design as being unique, practical and special in a very similar way.<br \/>\nDaher sind die jeweiligen Designs in den obigen Kategorien als exemplarisch zu verstehen und die pr\u00e4sentierten grafischen Inhalte wie Bilder, Farben, Stile oder Logos in ihrem Gesamtkontext zu sehen. <a href=\"https:\/\/www.chris-stoeckel.de\/de\/contact\" target=\"_blank\" rel=\"noopener noreferrer\"><strong><span style=\"color: #ff0000;\">Kontaktieren Sie uns.<\/span><\/strong>;<\/a><span style=\"color: #000000;\"> Erl\u00e4utern Sie Ihre Ideen, W\u00fcnsche und Anforderungen. Stehen Sie mit uns in Kontakt, w\u00e4hrend wir Designs kreieren, die so einzigartig sind wie Sie bzw. Ihr Unternehmen.<\/span>[\/vc_column_text][vc_empty_space height=&#8221;50px&#8221;][\/vc_column][\/vc_row][vc_row][vc_column width=&#8221;1\/3&#8243;]<a href=\"https:\/\/www.chris-stoeckel.de\/de\/contact\" target =\"_self\" class=\"vl-btn vl-btn--primary vl-btn--sm vl-btn--effect\"><span class=\"vl-btn--text\">Kontakt<\/span><i class=\"vl-btn--icon fa fa-envelope-o\"><\/i><\/a>[\/vc_column][vc_column width=&#8221;1\/3&#8243;][\/vc_column][vc_column width=&#8221;1\/3&#8243;]<a href=\"https:\/\/www.chris-stoeckel.de\/de\/about-us\" target =\"_blank\" class=\"vl-btn vl-btn--secondary vl-btn--sm vl-btn--effect\"><span class=\"vl-btn--text\">\u00dcber uns<\/span><i class=\"vl-btn--icon fa fa-id-card-o\"><\/i><\/a>[\/vc_column][\/vc_row][vc_row][vc_column][vc_empty_space height=&#8221;25px&#8221;][\/vc_column][\/vc_row]<\/p>","protected":false},"excerpt":{"rendered":"<p>[vc_row full_width=&#8221;stretch_row_content_no_spaces&#8221;][vc_column][\/vc_column][\/vc_row][vc_row full_width=&#8221;stretch_row_content_no_spaces&#8221;][vc_column width=&#8221;1\/4&#8243;][\/vc_column][vc_column width=&#8221;1\/4&#8243;][\/vc_column][vc_column width=&#8221;1\/4&#8243;][\/vc_column][vc_column width=&#8221;1\/4&#8243;][\/vc_column][\/vc_row][vc_row full_width=&#8221;stretch_row_content&#8221;][vc_column][vc_empty_space height=&#8221;100px&#8221;][vc_separator color=&#8221;juicy_pink&#8221; style=&#8221;shadow&#8221;][vc_empty_space height=&#8221;25px&#8221;][\/vc_column][\/vc_row][vc_row full_width=&#8221;stretch_row_content_no_spaces&#8221;][vc_column css=&#8221;.vc_custom_1556919374990{padding-left: 185px !important;}&#8221;][vc_single_image image=&#8221;3617&#8243; img_size=&#8221;full&#8221;][\/vc_column][\/vc_row][vc_row][vc_column][vc_column_text]Just as there are no two humans alike, no two companies the same, we think of design as being unique, practical and special in a very similar way. Therefore the respective designs in the categories above are to be understood as exemplary and the presented graphical contents such &#8230;<\/p>","protected":false},"author":5,"featured_media":0,"parent":0,"menu_order":0,"comment_status":"closed","ping_status":"closed","template":"template-page-custom.php","meta":[],"_links":{"self":[{"href":"https:\/\/www.chris-stoeckel.de\/de\/wp-json\/wp\/v2\/pages\/640"}],"collection":[{"href":"https:\/\/www.chris-stoeckel.de\/de\/wp-json\/wp\/v2\/pages"}],"about":[{"href":"https:\/\/www.chris-stoeckel.de\/de\/wp-json\/wp\/v2\/types\/page"}],"author":[{"embeddable":true,"href":"https:\/\/www.chris-stoeckel.de\/de\/wp-json\/wp\/v2\/users\/5"}],"replies":[{"embeddable":true,"href":"https:\/\/www.chris-stoeckel.de\/de\/wp-json\/wp\/v2\/comments?post=640"}],"version-history":[{"count":191,"href":"https:\/\/www.chris-stoeckel.de\/de\/wp-json\/wp\/v2\/pages\/640\/revisions"}],"predecessor-version":[{"id":3835,"href":"https:\/\/www.chris-stoeckel.de\/de\/wp-json\/wp\/v2\/pages\/640\/revisions\/3835"}],"wp:attachment":[{"href":"https:\/\/www.chris-stoeckel.de\/de\/wp-json\/wp\/v2\/media?parent=640"}],"curies":[{"name":"wp","href":"https:\/\/api.w.org\/{rel}","templated":true}]}}