{"id":4909,"date":"2020-09-14T20:18:57","date_gmt":"2020-09-14T18:18:57","guid":{"rendered":"https:\/\/www.chris-stoeckel.de\/?page_id=4909"},"modified":"2020-09-14T20:19:25","modified_gmt":"2020-09-14T18:19:25","slug":"cookie-richtlinie-eu","status":"publish","type":"page","link":"https:\/\/www.chris-stoeckel.de\/de\/cookie-richtlinie-eu\/","title":{"rendered":"Cookie-Richtlinie (EU)"},"content":{"rendered":"<!-- This legal document was generated by Complianz | GDPR\/CCPA Cookie Consent https:\/\/wordpress.org\/plugins\/complianz-gdpr -->\n<div id=\"cmplz-document\" class=\"cmplz-document cookie-statement\"><p><i>Diese Cookie-Richtlinie wurde zuletzt am 14. September 2020 aktualisiert und gilt f\u00fcr B\u00fcrger der Europ\u00e4ischen Wirtschaftszone.<\/i><\/p><h2>1. Einf\u00fchrung<\/h2><p>Unsere Website, <a href=\"https:\/\/www.chris-stoeckel.de\/de\/\">https:\/\/www.chris-stoeckel.de\/de\/<\/a> (im folgenden: \"Die Website\") verwendet Cookies und \u00e4hnliche Technologien (der Einfachheit halber werden all diese unter \"Cookies\" zusammengefasst). Cookies werden au\u00dferdem von uns beauftragten Drittparteien platziert. In dem unten stehendem Dokument informieren wir dich \u00fcber die Verwendung von Cookies auf unserer Website.<\/p><h2>2. Was sind Cookies<\/h2><p>Ein Cookie ist eine einfache kleine Datei, die gemeinsam mit den Seiten einer Internetadresse versendet und vom Webbrowser auf dem PC oder einem anderen Ger\u00e4t gespeichert werden kann. Die darin gespeicherten Informationen k\u00f6nnen w\u00e4hrend folgender Besuche zu unseren oder den Servern relevanter Drittanbieter gesendet werden.<\/p><h2>3. Was sind Skripte?<\/h2><p>Ein Skript ist ein Teil des Programmcodes, mit dem unsere Website ordnungsgem\u00e4\u00df und interaktiv funktioniert. Dieser Code wird auf unserem Server oder auf deinem Ger\u00e4t ausgef\u00fchrt.<\/p><h2>4. Was ist ein Web Beacon?<\/h2><p>Ein Web-Beacon (auch Pixel-Tag genannt), ist ein kleines unsichtbares Textfragment oder Bild auf einer Website, das benutzt wird, um den Verkehr auf der Website zu \u00fcberwachen. Um dies zu erm\u00f6glichen werden diverse Daten von dir mittels Web-Beacons gespeichert.<\/p><h2>5. Zustimmung<\/h2><p>Wenn du unsere Website das erste Mal besuchst, zeigen wir dir ein Pop-Up mit einer Erkl\u00e4rung \u00fcber Cookies. Sobald du auf \"Cookies akzeptieren\" klickst, gibst du uns dein Einverst\u00e4ndnis alle in diesem Pop-Up und in der Cookie-Richtlinie beschriebenen Cookies und Plugins zu verwenden. Du kannst die Verwendung von Cookies \u00fcber deinen Browser deaktivieren, aber bitte beachte, dass unsere Website dann unter Umst\u00e4nden nicht richtig funktioniert.<\/p><p class=\"cmplz-subtitle\">5.1 Verwalte deine Zustimmungseinstellungen<\/p><p><p id=\"cmplz-manage-consent-container\" class=\"cmplz-manage-consent-container\"><\/p><\/p><h2>6. Cookies<\/h2><p class=\"cmplz-subtitle\">6.1 Technische oder funktionelle Cookies<\/p><p>Einige Cookies stellen sicher, dass Teile unserer Website richtig funktionieren und deine Nutzervorlieben bekannt bleiben. Durch das Platzieren funktionaler Cookies machen wir es dir einfacher unsere Website zu besuchen. Auf diese Weise musst du bei Besuchen unserer Website nicht wiederholt die gleichen Informationen eingeben, oder deine Gegenst\u00e4nde bleiben beispielsweise in deinem Warenkorb bis du bezahlst. Wir k\u00f6nnen diese Cookies ohne dein Einverst\u00e4ndnis platzieren.<\/p><p class=\"cmplz-subtitle\">6.2 Analysecookies<\/p><p>Da Statistiken anonym erfasst werden, ist keine Erlaubnis erforderlich, um analytische Cookies zu platzieren.<\/p><h2>7. Platzierte Cookies<\/h2><h3>Matomo<\/h3>\nWir verwenden Matomo f\u00fcr Website-Statistik. <a target=\"_blank\" rel=\"noopener noreferrer nofollow\" href=\"https:\/\/cookiedatabase.org\/service\/matomo\">Weiterlesen<\/a>\n\n<table>\n  \n    <tr>\n        <th scope=\"col\">Name<\/th>\n        <th scope=\"col\">Aufbewahrung<\/th>\n        <th scope=\"col\">Funktion<\/th>\n    <\/tr>\n    <tr>\n\t<td scope=\"row\"><b>Statistik (anonym)<\/b><\/th>\n\t<td>&nbsp;<\/td>\n\t<td>&nbsp;<\/td>\n<\/tr>\n<tr>\n    <td><a target=\"_blank\" rel=\"noopener noreferrer nofollow\" href=\"https:\/\/cookiedatabase.org\/cookie\/matomo\/_pk_ses\">_pk_ses*<\/a><\/td>\n    <td>30 Min.<\/td>\n    <td><\/td>\n<\/tr>\n\n\n<tr>\n    <td><a target=\"_blank\" rel=\"noopener noreferrer nofollow\" href=\"https:\/\/cookiedatabase.org\/cookie\/matomo\/_pk_id\">_pk_id*<\/a><\/td>\n    <td>13 Monate<\/td>\n    <td>Speichere die eindeutige User-ID<\/td>\n<\/tr>\n\n\n\n<\/table>\n\n<h4>Weitergabe<\/h4>\n<p>Diesen Daten werden nicht mit Drittparteien geteilt.<\/p>\n<h3>Popup Maker<\/h3>\nWir verwenden Popup Maker f\u00fcr Pop-Up-Erstellung. <a target=\"_blank\" rel=\"noopener noreferrer nofollow\" href=\"https:\/\/cookiedatabase.org\/service\/popup-maker\">Weiterlesen<\/a>\n\n<table>\n  \n    <tr>\n        <th scope=\"col\">Name<\/th>\n        <th scope=\"col\">Aufbewahrung<\/th>\n        <th scope=\"col\">Funktion<\/th>\n    <\/tr>\n    <tr>\n\t<td scope=\"row\"><b>Gegenstand der Untersuchung<\/b><\/th>\n\t<td>&nbsp;<\/td>\n\t<td>&nbsp;<\/td>\n<\/tr>\n<tr>\n    <td><a target=\"_blank\" rel=\"noopener noreferrer nofollow\" href=\"https:\/\/cookiedatabase.org\/cookie\/popup-maker\/pum\">pum-*<\/a><\/td>\n    <td><\/td>\n    <td><\/td>\n<\/tr>\n\n\n\n<\/table>\n\n<h4>Weitergabe<\/h4>\n<p>Diesen Daten werden nicht mit Drittparteien geteilt.<\/p>\n<h3>Complianz<\/h3>\nWir verwenden Complianz f\u00fcr Verwaltung der Cookie-Einwilligung. <a target=\"_blank\" rel=\"noopener noreferrer nofollow\" href=\"https:\/\/cookiedatabase.org\/service\/complianz\">Weiterlesen<\/a>\n\n<table>\n  \n    <tr>\n        <th scope=\"col\">Name<\/th>\n        <th scope=\"col\">Aufbewahrung<\/th>\n        <th scope=\"col\">Funktion<\/th>\n    <\/tr>\n    <tr>\n\t<td scope=\"row\"><b>funktionelle<\/b><\/th>\n\t<td>&nbsp;<\/td>\n\t<td>&nbsp;<\/td>\n<\/tr>\n<tr>\n    <td><a target=\"_blank\" rel=\"noopener noreferrer nofollow\" href=\"https:\/\/cookiedatabase.org\/cookie\/complianz\/complianz_policy_id\">complianz_policy_id<\/a><\/td>\n    <td>365 Tage<\/td>\n    <td>Erfasse die ID f\u00fcr die angenommene Cookie-Richtlinie<\/td>\n<\/tr>\n\n\n\n<\/table>\n\n<h4>Weitergabe<\/h4>\n<p>F\u00fcr weitere Informationen, bitte die <a target=\"_blank\" rel=\"noopener noreferrer\" href=\"https:\/\/complianz.io\/privacy-statement\/\">Complianz Datenschutzerkl\u00e4rung<\/a> lesen.<\/p>\n<h3>Google Fonts<\/h3>\nWir verwenden Google Fonts f\u00fcr Anzeige von Webfonts. <a target=\"_blank\" rel=\"noopener noreferrer nofollow\" href=\"https:\/\/cookiedatabase.org\/service\/google-fonts\">Weiterlesen<\/a>\n\n<table>\n  \n    <tr>\n        <th scope=\"col\">Name<\/th>\n        <th scope=\"col\">Aufbewahrung<\/th>\n        <th scope=\"col\">Funktion<\/th>\n    <\/tr>\n    <tr>\n\t<td scope=\"row\"><b>Marketing\/Verfolgung<\/b><\/th>\n\t<td>&nbsp;<\/td>\n\t<td>&nbsp;<\/td>\n<\/tr>\n<tr>\n    <td><a target=\"_blank\" rel=\"noopener noreferrer nofollow\" href=\"https:\/\/cookiedatabase.org\/cookie\/google-fonts\/tcb_google_fonts\">Google Fonts API<\/a><\/td>\n    <td>nichts<\/td>\n    <td>Fordere die Benutzer-IP-Adresse an<\/td>\n<\/tr>\n\n\n\n<\/table>\n\n<h4>Weitergabe<\/h4>\n<p>F\u00fcr weitere Informationen, bitte die <a target=\"_blank\" rel=\"noopener noreferrer nofollow\" href=\"https:\/\/policies.google.com\/privacy\">Google Fonts Datenschutzerkl\u00e4rung<\/a> lesen.<\/p>\n<h3>Google reCAPTCHA<\/h3>\nWir verwenden Google reCAPTCHA f\u00fcr Spam-Vorbeugung. <a target=\"_blank\" rel=\"noopener noreferrer nofollow\" href=\"https:\/\/cookiedatabase.org\/service\/google-recaptcha\">Weiterlesen<\/a>\n\n<table>\n  \n    <tr>\n        <th scope=\"col\">Name<\/th>\n        <th scope=\"col\">Aufbewahrung<\/th>\n        <th scope=\"col\">Funktion<\/th>\n    <\/tr>\n    <tr>\n\t<td scope=\"row\"><b>Marketing\/Verfolgung<\/b><\/th>\n\t<td>&nbsp;<\/td>\n\t<td>&nbsp;<\/td>\n<\/tr>\n<tr>\n    <td><a target=\"_blank\" rel=\"noopener noreferrer nofollow\" href=\"https:\/\/cookiedatabase.org\/cookie\/google-recaptcha\/rcc\">rc::c<\/a><\/td>\n    <td>Sitzung<\/td>\n    <td>Filter requests from bots<\/td>\n<\/tr>\n\n\n<tr>\n    <td><a target=\"_blank\" rel=\"noopener noreferrer nofollow\" href=\"https:\/\/cookiedatabase.org\/cookie\/google-recaptcha\/rcb\">rc::b<\/a><\/td>\n    <td>Sitzung<\/td>\n    <td>Filter requests from bots<\/td>\n<\/tr>\n\n\n<tr>\n    <td><a target=\"_blank\" rel=\"noopener noreferrer nofollow\" href=\"https:\/\/cookiedatabase.org\/cookie\/google-recaptcha\/rca\">rc::a<\/a><\/td>\n    <td>hartn\u00e4ckig<\/td>\n    <td>Filter requests from bots<\/td>\n<\/tr>\n\n\n\n<\/table>\n\n<h4>Weitergabe<\/h4>\n<p>F\u00fcr weitere Informationen, bitte die <a target=\"_blank\" rel=\"noopener noreferrer nofollow\" href=\"https:\/\/policies.google.com\/privacy\">Google reCAPTCHA Datenschutzerkl\u00e4rung<\/a> lesen.<\/p>\n<h3>Sonstiges<\/h3>\n\n\n<table>\n  \n    <tr>\n        <th scope=\"col\">Name<\/th>\n        <th scope=\"col\">Aufbewahrung<\/th>\n        <th scope=\"col\">Funktion<\/th>\n    <\/tr>\n    <tr>\n\t<td scope=\"row\"><b>Gegenstand der Untersuchung<\/b><\/th>\n\t<td>&nbsp;<\/td>\n\t<td>&nbsp;<\/td>\n<\/tr>\n<tr>\n    <td>noFirstVisit<\/td>\n    <td><\/td>\n    <td><\/td>\n<\/tr>\n\n\n<tr>\n    <td>_grecaptcha<\/td>\n    <td><\/td>\n    <td><\/td>\n<\/tr>\n\n\n<tr>\n    <td>complianz_consent_status<\/td>\n    <td>365 Tage<\/td>\n    <td><\/td>\n<\/tr>\n\n\n\n<\/table>\n\n<h4>Weitergabe<\/h4>\n<p>Diesen Daten werden nicht mit Drittparteien geteilt.<\/p>\n<h2>8. Deine Rechte in Bezug auf pers\u00f6nliche Daten<\/h2><p>Du hast in Bezug auf deine pers\u00f6nlichen Daten die folgenden Rechte:<\/p><p><ul>\n                    <li>Du hast das Recht zu wissen, warum deine pers\u00f6nlichen Daten gebraucht werden, was mit ihnen passiert und wie lange diese verwahrt werden.<\/li>\n                    <li>Zugriffsrecht: Du hast das Recht deine uns bekannten pers\u00f6nlichen Daten einzusehen.<\/li>\n                    <li>Recht auf Berichtigung: Du hast das Recht wann immer du w\u00fcnscht, deine pers\u00f6nlichen Daten zu erg\u00e4nzen, zu korrigieren sowie gel\u00f6scht oder blockiert zu bekommen.<\/li>\n                    <li>Wenn du uns dein Einverst\u00e4ndnis zur Verarbeitung deiner Daten gegeben hast, hast du das Recht dieses Einverst\u00e4ndnis zu widerrufen und deine pers\u00f6nlichen Daten l\u00f6schen zu lassen.<\/li>\n                    <li>Recht auf Datentransfer deiner Daten: Du hast das Recht, alle deine pers\u00f6nlichen Daten von einem Kontrolleur anzufordern und in ihrer Gesamtheit zu einem anderen Kontrolleur zu transferieren.<\/li>\n                    <li>Widerspruchsrecht: Du kannst der Verarbeitung deiner Daten widersprechen. Wir entsprechen dem, es sei denn es gibt berechtigte Gr\u00fcnde f\u00fcr die Verarbeitung.<\/li>\n                <\/ul><\/p><p>Um diese Rechte auszu\u00fcben kontaktiere uns bitte. Bitte beziehe dich auf die Kontaktdaten am Ende dieser Cookie-Erkl\u00e4rung. Wenn du eine Beschwerde dar\u00fcber hast, wie wir deine Daten behandeln, w\u00fcrden wir diese gerne h\u00f6ren, aber du hast auch das Recht diese an die Aufsichtsbeh\u00f6rde (der Datenschutzbeh\u00f6rde) zu richten.<\/p><h2>9. Aktivierung\/Deaktivierung und L\u00f6schen von Cookies<\/h2><p>Du kannst deinen Internetbrowser verwenden, um Cookies automatisch oder manuell zu l\u00f6schen. Du kannst auch festlegen, dass bestimmte Cookies m\u00f6glicherweise nicht platziert werden. Eine weitere M\u00f6glichkeit besteht darin, die Einstellungen deines Internetbrowsers so zu \u00e4ndern, dass du jedes Mal eine Nachricht erh\u00e4ltst, wenn ein Cookie gesetzt wird. Weitere Informationen zu diesen Optionen findest du in den Anweisungen im Hilfebereich deines Browsers.<\/p><p>Bitte nimm zur Kenntnis, dass unsere Website m\u00f6glicherweise nicht richtig funktioniert, wenn alle Cookies deaktiviert sind. Wenn du die Cookies in deinem Browser l\u00f6schst, werden diese neu platziert, wenn du unsere Website erneut besuchst.<\/p><h2>10. Kontaktdaten<\/h2><p>F\u00fcr Fragen und\/oder Kommentare \u00fcber unsere Cookie-Richtlinien und diese Aussage kontaktiere uns bitte mittels der folgenden Kontaktdaten:<\/p><p>Christopher St\u00f6ckel<br>\n                     Celler Str. 15<br \/>\r\n31275, Lehrte <br \/>\r\nHannover, Germany<br>\n                    Deutschland<br>\n                    Website: <a href=\"https:\/\/www.chris-stoeckel.de\/de\/\">https:\/\/www.chris-stoeckel.de\/de\/<\/a> <br>\n                    E-Mail: <a href=\"mailto:inf&#111;&#x40;c&#x68;r&#x69;s-stoeckel&#x2e;de\">inf&#111;&#x40;c&#x68;r&#x69;s-stoeckel&#x2e;de<\/a> <br>\n                    Telefonnummer: +004951369204849<br><\/p><p>Diese Cookie-Richtlinie wurde mit <a href=\"https:\/\/cookiedatabase.org\" target=\"_blank\">cookiedatabase.org<\/a> am 14. September 2020 synchronisiert<\/p><\/div>","protected":false},"excerpt":{"rendered":"Diese Cookie-Richtlinie wurde zuletzt am 14. September 2020 aktualisiert und gilt f\u00fcr B\u00fcrger der Europ\u00e4ischen Wirtschaftszone.1. Einf\u00fchrungUnsere Website, https:\/\/www.chris-stoeckel.de\/de\/ (im folgenden: \"Die Website\") verwendet Cookies und \u00e4hnliche Technologien (der Einfachheit halber werden all diese unter \"Cookies\" zusammengefasst). Cookies werden au\u00dferdem von uns beauftragten Drittparteien platziert. In dem unten stehendem Dokument informieren wir dich \u00fcber die Verwendung von Cookies auf unserer Website.2. Was sind CookiesEin Cookie ...","protected":false},"author":5,"featured_media":0,"parent":0,"menu_order":0,"comment_status":"closed","ping_status":"closed","template":"","meta":[],"_links":{"self":[{"href":"https:\/\/www.chris-stoeckel.de\/de\/wp-json\/wp\/v2\/pages\/4909"}],"collection":[{"href":"https:\/\/www.chris-stoeckel.de\/de\/wp-json\/wp\/v2\/pages"}],"about":[{"href":"https:\/\/www.chris-stoeckel.de\/de\/wp-json\/wp\/v2\/types\/page"}],"author":[{"embeddable":true,"href":"https:\/\/www.chris-stoeckel.de\/de\/wp-json\/wp\/v2\/users\/5"}],"replies":[{"embeddable":true,"href":"https:\/\/www.chris-stoeckel.de\/de\/wp-json\/wp\/v2\/comments?post=4909"}],"version-history":[{"count":4,"href":"https:\/\/www.chris-stoeckel.de\/de\/wp-json\/wp\/v2\/pages\/4909\/revisions"}],"predecessor-version":[{"id":4913,"href":"https:\/\/www.chris-stoeckel.de\/de\/wp-json\/wp\/v2\/pages\/4909\/revisions\/4913"}],"wp:attachment":[{"href":"https:\/\/www.chris-stoeckel.de\/de\/wp-json\/wp\/v2\/media?parent=4909"}],"curies":[{"name":"wp","href":"https:\/\/api.w.org\/{rel}","templated":true}]}}