{"id":238,"date":"2016-11-29T12:55:19","date_gmt":"2016-11-29T12:55:19","guid":{"rendered":"http:\/\/vlthemes.com\/alex-zane\/?page_id=238"},"modified":"2020-04-23T18:58:04","modified_gmt":"2020-04-23T16:58:04","slug":"home-02","status":"publish","type":"page","link":"https:\/\/www.chris-stoeckel.de\/de\/","title":{"rendered":"Home"},"content":{"rendered":"<p>[vc_row full_width=&#8221;stretch_row_content&#8221;][vc_column css=&#8221;.vc_custom_1587660955554{padding-right: 15px !important;padding-left: 15px !important;background-color: #000000 !important;}&#8221;]<div class=\"vl-page-pilling clearfix\"  data-nav=\"true\" data-nav-position=\"right\" data-loop=\"false\" data-speed=\"750\"><div class=\"vl-page-pilling--section is-animated vl-page-pilling--section-style2\"><div class=\"vl-page-pilling--section-background\" style=\"background-image: url(https:\/\/www.chris-stoeckel.de\/wp-content\/uploads\/2019\/02\/Home_01_Self_with_Network_06.jpg);\"><\/div><div class=\"vl-page-pilling--section-content clearfix vl-text-right\"><div class=\"col-md-5 col-sm-12\"><div class=\"vl-page-pilling--section-content-inner\"><span class=\"vl-category\">The art of design<\/span><div class=\"clearfix\"><\/div><h1 class=\"vl-title\">CS-Design<\/h1><div class=\"clearfix\"><\/div><p class=\"vl-descripton\">Hallo und herzlich willkommen bei CS-Design!<br \/>\n Mein Name ist Chris St\u00f6ckel, Mediendesigner & Gr\u00fcnder. Zusammen mit einem vernetzten Team selbst\u00e4ndiger Design-Freelancer sind wir CS-Design.<br \/>\n<br \/>\nWir haben eine eing\u00e4ngige Methode entwickelt, um werksintern wichtige Informationen effektiv und visuell ansprechend \u00fcber unsere  Design-Kampagnen zu kommunizieren.<br \/>\n<br \/>\nHier erfahren Sie, wie wir professionelle Grafik-Kampagnen nach Ihren individuellen Bed\u00fcrfnissen gestalten.<\/p><div class=\"clearfix\"><\/div><a href=\"https:\/\/www.chris-stoeckel.de\/de\/graphic-campaigns\" target =\"_self\" class=\"vl-btn vl-btn--primary vl-btn--sm vl-btn--effect\"><span class=\"vl-btn--text\">Erfahren Sie mehr<\/span><i class=\"vl-btn--icon fa fa-plane\"><\/i><\/a><\/div><\/div><div class=\"col-md-7 hidden-sm-down vl-text-left\"><div class=\"vl-image\"><img src=\"\" alt=\"\"><\/div><\/div><\/div><\/div><div class=\"vl-page-pilling--section vl-page-pilling--section-style2\"><div class=\"vl-page-pilling--section-background\" style=\"background-image: url(https:\/\/www.chris-stoeckel.de\/wp-content\/uploads\/2019\/04\/home0314.jpg);\"><\/div><div class=\"vl-page-pilling--section-content clearfix vl-text-right\"><div class=\"col-md-5 col-sm-12\"><div class=\"vl-page-pilling--section-content-inner\"><span class=\"vl-category\">WELCOME TO YOUR NEXT DESIGN<\/span><div class=\"clearfix\"><\/div><h1 class=\"vl-title\">Design Kategorien<\/h1><div class=\"clearfix\"><\/div><p class=\"vl-descripton\">Jetzt wird's pers\u00f6nlich, denn beim Thema Design dreht sich f\u00fcr uns alles um Sie!<br \/>\nFlyer, Buch-Covers, Corporate Identity Designs und Andere Design-L\u00f6sungen. Nach Ihrem Entschluss erarbeiten wir ausgekl\u00fcgelte Designs, die auf Ihre individuellen Bed\u00fcrfnisse zugeschnitten sind.<\/p><div class=\"clearfix\"><\/div><a href=\"https:\/\/www.chris-stoeckel.de\/de\/design-solutions\" target =\"_self\" class=\"vl-btn vl-btn--primary vl-btn--sm vl-btn--effect\"><span class=\"vl-btn--text\">Zu unseren Design-Kategorien<\/span><i class=\"vl-btn--icon fa fa-search\"><\/i><\/a><\/div><\/div><div class=\"col-md-7 hidden-sm-down vl-text-left\"><div class=\"vl-image\"><img src=\"\" alt=\"\"><\/div><\/div><\/div><\/div><div class=\"vl-page-pilling--section vl-page-pilling--section-style2\"><div class=\"vl-page-pilling--section-background\" style=\"background-image: url(https:\/\/www.chris-stoeckel.de\/wp-content\/uploads\/2019\/04\/Gallery_Home_02_new_14.jpg);\"><\/div><div class=\"vl-page-pilling--section-content clearfix vl-text-right\"><div class=\"col-md-5 col-sm-12\"><div class=\"vl-page-pilling--section-content-inner\"><span class=\"vl-category\">Inspirieren um inspiriert zu werden<\/span><div class=\"clearfix\"><\/div><h1 class=\"vl-title\">Galerie<\/h1><div class=\"clearfix\"><\/div><p class=\"vl-descripton\">Entdecken Sie die Vielfalt der von uns angebotenen Design-Optionen. Sehen Sie sich exemplarische Designs und Kunststile an, die in unserer 'Gallery' pr\u00e4sentiert werden. Haben Sie Fragen bzw. bereits eine zu realisierende Design-Idee oder ben\u00f6tigen Sie eine pers\u00f6nliche Beratung? Z\u00f6gern Sie nicht, uns zu kontaktieren!<\/p><div class=\"clearfix\"><\/div><a href=\"https:\/\/www.chris-stoeckel.de\/de\/gallery-2\" target =\"_self\" class=\"vl-btn vl-btn--primary vl-btn--sm vl-btn--effect\"><span class=\"vl-btn--text\">Lassen Sie sich inspirieren<\/span><i class=\"vl-btn--icon fa fa-magic\"><\/i><\/a><\/div><\/div><div class=\"col-md-7 hidden-sm-down vl-text-left\"><div class=\"vl-image\"><img src=\"\" alt=\"\"><\/div><\/div><\/div><\/div><\/div>[\/vc_column][\/vc_row]<\/p>","protected":false},"excerpt":{"rendered":"<p>[vc_row full_width=&#8221;stretch_row_content&#8221;][vc_column css=&#8221;.vc_custom_1587660955554{padding-right: 15px !important;padding-left: 15px !important;background-color: #000000 !important;}&#8221;][\/vc_column][\/vc_row]<\/p>","protected":false},"author":2,"featured_media":0,"parent":0,"menu_order":0,"comment_status":"closed","ping_status":"closed","template":"template-page-custom.php","meta":[],"_links":{"self":[{"href":"https:\/\/www.chris-stoeckel.de\/de\/wp-json\/wp\/v2\/pages\/238"}],"collection":[{"href":"https:\/\/www.chris-stoeckel.de\/de\/wp-json\/wp\/v2\/pages"}],"about":[{"href":"https:\/\/www.chris-stoeckel.de\/de\/wp-json\/wp\/v2\/types\/page"}],"author":[{"embeddable":true,"href":"https:\/\/www.chris-stoeckel.de\/de\/wp-json\/wp\/v2\/users\/2"}],"replies":[{"embeddable":true,"href":"https:\/\/www.chris-stoeckel.de\/de\/wp-json\/wp\/v2\/comments?post=238"}],"version-history":[{"count":137,"href":"https:\/\/www.chris-stoeckel.de\/de\/wp-json\/wp\/v2\/pages\/238\/revisions"}],"predecessor-version":[{"id":4416,"href":"https:\/\/www.chris-stoeckel.de\/de\/wp-json\/wp\/v2\/pages\/238\/revisions\/4416"}],"wp:attachment":[{"href":"https:\/\/www.chris-stoeckel.de\/de\/wp-json\/wp\/v2\/media?parent=238"}],"curies":[{"name":"wp","href":"https:\/\/api.w.org\/{rel}","templated":true}]}}