{"id":218,"date":"2016-11-28T17:52:22","date_gmt":"2016-11-28T17:52:22","guid":{"rendered":"http:\/\/vlthemes.com\/alex-zane\/?page_id=218"},"modified":"2019-07-01T19:36:25","modified_gmt":"2019-07-01T17:36:25","slug":"about-us","status":"publish","type":"page","link":"https:\/\/www.chris-stoeckel.de\/de\/about-us\/","title":{"rendered":"\u00dcber uns"},"content":{"rendered":"<p>[vc_row full_width=&#8221;stretch_row_content_no_spaces&#8221;][vc_column]<div class=\"vl-hero-header vl-parallax vl-parallax--hero-effect\"  style=\"background-image: url(https:\/\/www.chris-stoeckel.de\/wp-content\/uploads\/2019\/04\/About_Us_Header_02_14.jpg);\"><div class=\"vl-hero-header--border\"><\/div><div class=\"vl-hero-header--inner\" style=\"padding-bottom: 300px; padding-top: 250px;\"><div class=\"container\"><div class=\"vl-text-center\"><\/div><\/div><\/div><\/div>[\/vc_column][\/vc_row][vc_row full_width=&#8221;stretch_row_content&#8221;][vc_column width=&#8221;1\/12&#8243; css=&#8221;.vc_custom_1555384998041{padding-left: 50px !important;}&#8221;][\/vc_column][vc_column width=&#8221;1\/12&#8243; css=&#8221;.vc_custom_1555385005191{padding-left: 125px !important;}&#8221;][vc_empty_space height=&#8221;20&#8243;][vc_icon type=&#8221;linecons&#8221; icon_linecons=&#8221;vc_li vc_li-bulb&#8221; color=&#8221;juicy_pink&#8221; size=&#8221;lg&#8221; align=&#8221;center&#8221; css_animation=&#8221;fadeInDown&#8221;][\/vc_column][vc_column width=&#8221;10\/12&#8243; css=&#8221;.vc_custom_1555385027147{padding-left: 80px !important;}&#8221;][vc_empty_space height=&#8221;20&#8243;][vc_custom_heading text=&#8221;About our identity, what defines us and the way we work&#8221; use_theme_fonts=&#8221;yes&#8221;][vc_empty_space height=&#8221;20&#8243;][\/vc_column][\/vc_row][vc_row][vc_column][vc_column_text]<\/p>\n<h6>CS-Design startete im Jahr 2016 als ein Ein-Mann-Unternehmen aus Hannover, Niedersachsen, Deutschland, das auf innovative, neue Art und Weise arbeitet.<br \/>\nUm jede Ihrer Ideen und Projekte zu einem einzigartigen Design-Erlebnis mit zuverl\u00e4ssigem Standard und hoher Zeiteffizienz werden zu lassen, war es von gro\u00dfer Bedeutung, sich zu einem 'Team' bzw. einem 'Label' zusammenzuschlie\u00dfen. Die Idee war, Kompetenzen, F\u00e4higkeiten, Know-How, Design-Thinking und Kreativit\u00e4t verschiedenster freiberuflicher Designer zu kombinieren und unter dem 'Label' von CS-Design zu vereinen.<\/h6>\n<p>&nbsp;<\/p>\n<h6>Jeder Freelancer arbeitet im Allgemeinen eigenst\u00e4ndig in ihrer\/seiner eigenen Form der Selbstst\u00e4ndigkeit oder in einer anderen Rechtsform.<br \/>\nAls jeweils eigenst\u00e4ndige und unabh\u00e4ngige Jungunternehmer\/-innen kommen wir bei Bedarf (Projekten) zusammen. So sind wir in der Lage, die Mitglieder eines bestimmten Projektteams sehr selektiv und damit effizient, Ihrem Bedarf entsprechend, einzusetzen.<\/h6>\n<p>&nbsp;<\/p>\n<h6>Nachdem alle Rahmenbedingungen ber\u00fccksichtigt sind, die Projektstruktur geplant und die anstehende Arbeit auf die Teammitglieder aufgeteilt ist, trennen wir uns in der Regel wieder, um uns voll und ganz auf unsere jeweiligen Arbeits- und Design-Aktivit\u00e4ten zu konzentrieren.<\/h6>\n<p>[\/vc_column_text][vc_empty_space height=&#8221;25&#8243;][\/vc_column][\/vc_row][vc_row][vc_column width=&#8221;1\/2&#8243;][vc_text_separator title=&#8221;A few personal words&#8221; i_icon_fontawesome=&#8221;fa fa-angle-double-down&#8221; i_color=&#8221;juicy_pink&#8221; title_align=&#8221;separator_align_left&#8221; color=&#8221;white&#8221; style=&#8221;dotted&#8221; css_animation=&#8221;none&#8221; add_icon=&#8221;true&#8221; css=&#8221;.vc_custom_1556815742671{margin-right: 150px !important;border-right-width: 150px !important;padding-right: 150px !important;}&#8221;][vc_single_image image=&#8221;1109&#8243; img_size=&#8221;600&#215;400&#8243;][vc_empty_space height=&#8221;25&#8243;][vc_column_text]My name is Chris Stoeckel [BA] and I\u2019m the founder of CS-Design.<br \/>\nNach meinem Mediendesign-Studium in Hannover, an der [HSH] Hochschule Hannover - University of Applied Sciences and Arts, widme ich mein angeborendes Design-Thinking dem Bedarf nach auff\u00e4lligen, einpr\u00e4gsamen und professionell erdachten Designs mit Aussagekraft.<\/p>\n<p>W\u00e4hrend ich h\u00e4ufig ganze Design-Anfragen bzw. -Projekte alleine umsetze, genie\u00dfe ich die Zusammenarbeit mit dem Design-Team, sofern die gegebenen Dimensionen dies sinnvoll und zeiteffizienter machen. Die Koordination und Ausarbeitung von Ideen und Projektstrukturen, die Kommunikation, sowie die Gestaltung und professionelle Ausarbeitung verschiedener Design-Stile sind die Bereiche, in denen ich arbeite und mich intensiv engagiere.<\/p>\n<p>A special commitment to visual attractiveness, functionality and efficiency of communicating information &#8211; to me &#8211; is what makes each design, project or idea special and interesting.[\/vc_column_text][vc_empty_space height=&#8221;25px&#8221;][vc_text_separator title=&#8221;Exemplary Freelancer &#8216;Pool'&#8221; i_icon_fontawesome=&#8221;fa fa-info-circle&#8221; i_color=&#8221;juicy_pink&#8221; title_align=&#8221;separator_align_left&#8221; align=&#8221;align_right&#8221; color=&#8221;juicy_pink&#8221; add_icon=&#8221;true&#8221;][vc_empty_space height=&#8221;10px&#8221;][vc_single_image image=&#8221;3837&#8243; img_size=&#8221;800&#215;530&#8243; alignment=&#8221;center&#8221;][\/vc_column][vc_column width=&#8221;1\/2&#8243;][vc_text_separator title=&#8221;A few words from the Team&#8221; i_icon_fontawesome=&#8221;fa fa-angle-double-down&#8221; i_color=&#8221;juicy_pink&#8221; title_align=&#8221;separator_align_left&#8221; color=&#8221;white&#8221; style=&#8221;dotted&#8221; css_animation=&#8221;none&#8221; add_icon=&#8221;true&#8221; css=&#8221;.vc_custom_1556815748038{margin-right: 150px !important;border-right-width: 150px !important;padding-right: 150px !important;}&#8221;][vc_single_image image=&#8221;1081&#8243; img_size=&#8221;full&#8221;][vc_empty_space height=&#8221;25&#8243;][vc_column_text]We&#8217;re all freelancers, each of us operating in a one-man\/-woman company or other legal form. We singly work for various clients in our various fields of design and expertise.<\/p>\n<p style=\"padding-left: 30px;\"><em>\"Ich bin gut darin, grundlegende oder detaillierte Illustrationen f\u00fcr die dann folgende Vektorisierung zu entwerfen.\"<\/em><br \/>\n<em>\"Ich bin besonders kreativ, wenn es um grafische Designs f\u00fcr Poster, Flyer usw. geht.\"<\/em><br \/>\n<em>\"Ich kann gut mit Kameras umgehen.\u00a0Nachdem die Pre-Produktion abgeschlossen ist, bin ich in der Lage, eine Set-Crew zusammenzustellen, die internen Gewerke, sowie die Ausr\u00fcstung zu organisieren und die meisten der dann folgenden Produktionsschritte zu \u00fcbernehmen.\"<\/em><\/p>\n<p>If our order situation as freelancers allows the request and we&#8217;re generally interested in the\u00a0 particular CS-Design project, we join the team and work in our specific areas of design.[\/vc_column_text][\/vc_column][\/vc_row][vc_row full_width=&#8221;stretch_row_content_no_spaces&#8221;][vc_column][vc_empty_space height=&#8221;50px&#8221;][vc_separator color=&#8221;chino&#8221; css_animation=&#8221;none&#8221;][vc_empty_space height=&#8221;50px&#8221;][\/vc_column][\/vc_row][vc_row][vc_column width=&#8221;1\/12&#8243;][vc_icon icon_fontawesome=&#8221;fa fa-hand-o-right&#8221; color=&#8221;juicy_pink&#8221; size=&#8221;lg&#8221; align=&#8221;center&#8221; css_animation=&#8221;fadeInLeft&#8221;][\/vc_column][vc_column width=&#8221;11\/12&#8243;][vc_empty_space height=&#8221;5px&#8221;][vc_custom_heading text=&#8221;Five steps we take to build your unique and individual designs&#8221; font_container=&#8221;tag:h2|font_size:22|text_align:left&#8221; use_theme_fonts=&#8221;yes&#8221; el_id=&#8221;work-steps&#8221;][\/vc_column][\/vc_row][vc_row][vc_column][vc_empty_space height=&#8221;25px&#8221;][\/vc_column][\/vc_row][vc_row][vc_column width=&#8221;5\/6&#8243;][vc_single_image image=&#8221;3847&#8243; img_size=&#8221;full&#8221; alignment=&#8221;center&#8221;][vc_empty_space height=&#8221;25px&#8221;][\/vc_column][vc_column width=&#8221;1\/6&#8243;][vc_empty_space height=&#8221;125px&#8221;]<a href=\"https:\/\/www.chris-stoeckel.de\/de\/contact\" target =\"_blank\" class=\"vl-btn vl-btn--secondary vl-btn--sm vl-btn--effect\"><span class=\"vl-btn--text\">Kontakt<\/span><i class=\"vl-btn--icon fa fa-envelope-open-o\"><\/i><\/a>[\/vc_column][\/vc_row][vc_row][vc_column width=&#8221;1\/12&#8243;][vc_empty_space height=&#8221;5px&#8221;][vc_icon icon_fontawesome=&#8221;fa fa-cogs&#8221; color=&#8221;juicy_pink&#8221; align=&#8221;center&#8221; css_animation=&#8221;fadeInDown&#8221;][\/vc_column][vc_column width=&#8221;9\/12&#8243;][vc_empty_space height=&#8221;25px&#8221;][vc_column_text]<\/p>\n<h4><strong>2.5 - Produktions Option<\/strong><\/h4>\n<p>Einpr\u00e4gsames und auff\u00e4lliges Designs erfordert innovative und professionell aufgenommene Ausgangsbilder (Source-Images).<br \/>\nMit professionellem Foto-Equipment und unserem Auge f\u00fcrs Detail erstellen wir vor Ort die erforderlichen 'Source-Images' aus denen Ihr Projekt besteht.<br \/>\nThanks to our flexible team-structure it&#8217;s possible to us to build a team especially for your specific project and design related requirements.[\/vc_column_text][\/vc_column][vc_column width=&#8221;2\/12&#8243;][\/vc_column][\/vc_row][vc_row disable_element=&#8221;yes&#8221; css=&#8221;.vc_custom_1555298358310{padding-top: 30px !important;}&#8221;][vc_column width=&#8221;2\/3&#8243;][vc_column_text css=&#8221;.vc_custom_1549934883587{margin-bottom: 10px !important;}&#8221;]<\/p>\n<h4>Find CS-Design on:<\/h4>\n<p>[\/vc_column_text]<div class=\"vl-icon-list clearfix text-left\" style=\"margin-bottom:0px; margin-top:0px;\"><a class=\"vl-btn vl-btn--primary vl-btn--effect vl-btn--primary\" href=\"https:\/\/www.facebook.com\/\" target=\"_blank\" style=\"font-size: 40pxpx; line-height: 40px; height 40px; width: 40px;\"><div class=\"vl-btn--text\"><i class=\"fa fa-facebook\"><\/i><\/div><\/a><\/div>[\/vc_column][vc_column width=&#8221;1\/3&#8243; css=&#8221;.vc_custom_1550435800459{padding-left: 225px !important;}&#8221;][vc_empty_space height=&#8221;35px&#8221;]<a href=\"https:\/\/www.chris-stoeckel.de\/de\/contact\" target =\"_blank\" class=\"vl-btn vl-btn--primary vl-btn--sm vl-btn--effect\"><span class=\"vl-btn--text\">Kontakt<\/span><i class=\"vl-btn--icon fa fa-envelope-open-o\"><\/i><\/a>[\/vc_column][\/vc_row][vc_row full_width=&#8221;stretch_row_content_no_spaces&#8221;][vc_column][vc_empty_space height=&#8221;50px&#8221;][vc_separator color=&#8221;chino&#8221; css_animation=&#8221;none&#8221;][vc_empty_space height=&#8221;50px&#8221;][\/vc_column][\/vc_row][vc_row][vc_column width=&#8221;1\/4&#8243;][vc_single_image image=&#8221;3531&#8243; img_size=&#8221;300&#215;300&#8243; alignment=&#8221;center&#8221; style=&#8221;vc_box_circle&#8221; onclick=&#8221;custom_link&#8221; img_link_target=&#8221;_blank&#8221; link=&#8221;https:\/\/www.chris-stoeckel.de\/hannover\/&#8221;][\/vc_column][vc_column width=&#8221;3\/4&#8243;][vc_empty_space height=&#8221;50px&#8221;][vc_column_text]<\/p>\n<h3><a href=\"https:\/\/www.chris-stoeckel.de\/de\/hannover\" target=\"_blank\" rel=\"noopener noreferrer\">Hannover - unsere LIEBE<\/a><\/h3>\n<p>Kreativit\u00e4t und die detaillierte Ausarbeitung einzigartiger Designs sind nicht alles, was uns hier bei CS-Design vereint.<br \/>\nAnother passion is certainly our love for Hannover &#8211; our home of constant inspiration, where the vitality of the city meets the peacefulness of the rural countryside.[\/vc_column_text][\/vc_column][\/vc_row][vc_row][vc_column][vc_empty_space height=&#8221;50px&#8221;][\/vc_column][\/vc_row]<\/p>","protected":false},"excerpt":{"rendered":"<p>[vc_row full_width=&#8221;stretch_row_content_no_spaces&#8221;][vc_column][\/vc_column][\/vc_row][vc_row full_width=&#8221;stretch_row_content&#8221;][vc_column width=&#8221;1\/12&#8243; css=&#8221;.vc_custom_1555384998041{padding-left: 50px !important;}&#8221;][\/vc_column][vc_column width=&#8221;1\/12&#8243; css=&#8221;.vc_custom_1555385005191{padding-left: 125px !important;}&#8221;][vc_empty_space height=&#8221;20&#8243;][vc_icon type=&#8221;linecons&#8221; icon_linecons=&#8221;vc_li vc_li-bulb&#8221; color=&#8221;juicy_pink&#8221; size=&#8221;lg&#8221; align=&#8221;center&#8221; css_animation=&#8221;fadeInDown&#8221;][\/vc_column][vc_column width=&#8221;10\/12&#8243; css=&#8221;.vc_custom_1555385027147{padding-left: 80px !important;}&#8221;][vc_empty_space height=&#8221;20&#8243;][vc_custom_heading text=&#8221;About our identity, what defines us and the way we work&#8221; use_theme_fonts=&#8221;yes&#8221;][vc_empty_space height=&#8221;20&#8243;][\/vc_column][\/vc_row][vc_row][vc_column][vc_column_text] Bottom line CS-Design is a one-man company from Hannover, Niedersachsen, Germany, operating in an innovative new way. To make each of your designs and projects a unique experience &#8230;<\/p>","protected":false},"author":2,"featured_media":0,"parent":0,"menu_order":0,"comment_status":"closed","ping_status":"closed","template":"template-page-custom.php","meta":[],"_links":{"self":[{"href":"https:\/\/www.chris-stoeckel.de\/de\/wp-json\/wp\/v2\/pages\/218"}],"collection":[{"href":"https:\/\/www.chris-stoeckel.de\/de\/wp-json\/wp\/v2\/pages"}],"about":[{"href":"https:\/\/www.chris-stoeckel.de\/de\/wp-json\/wp\/v2\/types\/page"}],"author":[{"embeddable":true,"href":"https:\/\/www.chris-stoeckel.de\/de\/wp-json\/wp\/v2\/users\/2"}],"replies":[{"embeddable":true,"href":"https:\/\/www.chris-stoeckel.de\/de\/wp-json\/wp\/v2\/comments?post=218"}],"version-history":[{"count":239,"href":"https:\/\/www.chris-stoeckel.de\/de\/wp-json\/wp\/v2\/pages\/218\/revisions"}],"predecessor-version":[{"id":3848,"href":"https:\/\/www.chris-stoeckel.de\/de\/wp-json\/wp\/v2\/pages\/218\/revisions\/3848"}],"wp:attachment":[{"href":"https:\/\/www.chris-stoeckel.de\/de\/wp-json\/wp\/v2\/media?parent=218"}],"curies":[{"name":"wp","href":"https:\/\/api.w.org\/{rel}","templated":true}]}}