{"id":153,"date":"2016-11-27T11:44:45","date_gmt":"2016-11-27T11:44:45","guid":{"rendered":"http:\/\/vlthemes.com\/alex-zane\/?page_id=153"},"modified":"2019-12-15T17:29:51","modified_gmt":"2019-12-15T16:29:51","slug":"graphic-campaigns","status":"publish","type":"page","link":"https:\/\/www.chris-stoeckel.de\/de\/graphic-campaigns\/","title":{"rendered":"Grafik-Kampagnen"},"content":{"rendered":"<p>[vc_row full_width=&#8221;stretch_row_content_no_spaces&#8221; content_placement=&#8221;top&#8221;][vc_column]<div class=\"vl-hero-header vl-parallax vl-parallax--hero-effect\"  style=\"background-image: url(https:\/\/www.chris-stoeckel.de\/wp-content\/uploads\/2019\/07\/Information-Campaigns_05_new.jpg);\"><div class=\"vl-hero-header--border\"><\/div><div class=\"vl-hero-header--inner\" style=\"padding-bottom: ; padding-top: 500px;\"><div class=\"container\"><div class=\"vl-text-center\"><\/div><\/div><\/div><\/div>[\/vc_column][\/vc_row][vc_row][vc_column][vc_custom_heading text=&#8221;Explore our unique method of designing expressive graphic-campaigns for your in-house employee and information communication.&#8221; font_container=&#8221;tag:h2|font_size:22|text_align:left|color:%23000000&#8243; use_theme_fonts=&#8221;yes&#8221; css=&#8221;.vc_custom_1553012868574{padding-top: 30px !important;padding-bottom: 20px !important;}&#8221;][vc_empty_space height=&#8221;25px&#8221;][\/vc_column][\/vc_row][vc_row][vc_column width=&#8221;1\/12&#8243;][vc_icon type=&#8221;entypo&#8221; icon_entypo=&#8221;entypo-icon entypo-icon-right-open&#8221; color=&#8221;juicy_pink&#8221; size=&#8221;lg&#8221; align=&#8221;center&#8221; css_animation=&#8221;fadeInLeft&#8221;][\/vc_column][vc_column width=&#8221;6\/12&#8243;][vc_empty_space height=&#8221;20px&#8221;][vc_column_text]<\/p>\n<h6>Nicht die richtige L\u00f6sung oder ben\u00f6tigen Sie nur ein einzelnes Design?<\/h6>\n<p>[\/vc_column_text][\/vc_column][vc_column width=&#8221;1\/12&#8243;][vc_icon icon_fontawesome=&#8221;fa fa-hand-o-right&#8221; color=&#8221;juicy_pink&#8221; align=&#8221;center&#8221; css_animation=&#8221;fadeInLeft&#8221;][\/vc_column][vc_column width=&#8221;4\/12&#8243;][vc_empty_space height=&#8221;10px&#8221;]<a href=\"https:\/\/www.chris-stoeckel.de\/de\/design-solutions\" target =\"_blank\" class=\"vl-btn vl-btn--primary vl-btn--sm vl-btn--effect\"><span class=\"vl-btn--text\">Weitere Design-M\u00f6glichkeiten<\/span><i class=\"vl-btn--icon fa fa-cog\"><\/i><\/a>[\/vc_column][\/vc_row][vc_row][vc_column][vc_custom_heading text=&#8221;Challenges caused by common communication tools &amp; their respective impact&#8221; font_container=&#8221;tag:h2|font_size:22|text_align:left|color:%23000000&#8243; use_theme_fonts=&#8221;yes&#8221; css=&#8221;.vc_custom_1557094083439{padding-top: 30px !important;padding-bottom: 20px !important;}&#8221;][vc_empty_space height=&#8221;25px&#8221;][\/vc_column][\/vc_row][vc_row][vc_column width=&#8221;7\/12&#8243;][vc_column_text]A presentation of common challenges and their respective impact and influence on the effectiveness of the communication-tools at use.<\/p>\n<p>In each field of challenge our graphical information-campaigns can be of help.[\/vc_column_text][vc_empty_space height=&#8221;155px&#8221;][vc_column_text css=&#8221;.vc_custom_1560620742815{padding-left: 425px !important;}&#8221;]<strong>1<\/strong> \u2013 geringe Reichweite<br \/>\n<strong>2<\/strong> \u2013 Kosten<br \/>\n<strong>3<\/strong> \u2013 Zeit<br \/>\n<strong>4<\/strong> \u2013 Steuverluste<br \/>\n<strong>5<\/strong> \u2013 unattraktives Design<br \/>\n<strong>6<\/strong> &#8211; selective perception[\/vc_column_text][vc_column_text][\/vc_column_text][\/vc_column][vc_column width=&#8221;5\/12&#8243;][vc_line_chart legend=&#8221;&#8221; tooltips=&#8221;&#8221; x_values=&#8221;1; 2; 3; 4; 5; 6&#8243; values=&#8221;%5B%7B%22title%22%3A%22Level%20of%20influence%22%2C%22y_values%22%3A%2225%3B%20100%3B%2080%3B%2010%3B%2090%3B%2040%22%2C%22color%22%3A%22juicy-pink%22%7D%5D&#8221;][\/vc_column][\/vc_row][vc_row][vc_column width=&#8221;1\/12&#8243;][vc_column_text][\/vc_column_text][vc_icon type=&#8221;linecons&#8221; icon_linecons=&#8221;vc_li vc_li-search&#8221; color=&#8221;juicy_pink&#8221; align=&#8221;center&#8221; css_animation=&#8221;fadeInLeft&#8221;][\/vc_column][vc_column width=&#8221;11\/12&#8243; css=&#8221;.vc_custom_1551822668598{padding-top: 20px !important;}&#8221;][vc_column_text]Through excitingly new and professionally elaborated designs our campaigns can help minimize scattering losses, visually trigger selective perception of employees and clearly communicate your information throughout small, middle or big, international ranges.<br \/>\nOur method aims to conquer unattractive design and reduce your overall expenses as well as the time-effort in general.[\/vc_column_text][\/vc_column][\/vc_row][vc_row][vc_column][vc_empty_space height=&#8221;25px&#8221;][vc_separator color=&#8221;pink&#8221; align=&#8221;align_left&#8221; el_width=&#8221;30&#8243;][\/vc_column][\/vc_row][vc_row][vc_column][vc_custom_heading text=&#8221;Graphics and illustrations made to fit all your needs&#8221; font_container=&#8221;tag:h2|font_size:22|text_align:left|color:%232d2d2d&#8221; use_theme_fonts=&#8221;yes&#8221; css=&#8221;.vc_custom_1549227338241{padding-top: 30px !important;padding-bottom: 20px !important;}&#8221;][vc_column_text]<\/p>\n<p style=\"padding-left: 30px;\">H\u00f6ren wir \"Kommunikation\", denken wir intuitiv an Gespr\u00e4che, wahrscheinlich an Stimmen, Klang und einen unserer Hauptsinne - das H\u00f6ren.<br \/>\nWenn es darum geht, wichtige Informationen  vollst\u00e4ndig, schnell und effektiv zu kommunizieren, ist es von immenser Bedeutung, die visuellen Eigenschaften unseres menschlichen Sehverm\u00f6gens nicht nur zu ber\u00fccksichtigen, sondern auch zu nutzen bzw. zu stimulieren.<\/p>\n<p style=\"padding-left: 30px;\">Das zeichnet CS-Design aus: Die Entwicklung Aufmerksamkeit fesselnder Design-Kampagnen, die Ihren individuellen Vorhaben voll gerecht werden. Kommunizieren Sie Ihre Informationen schnell und effektiv und lassen Sie diese in den Gedanken der Menschen, die sie gesehen haben, unvergesslich nachwirken - genau so, wie ein Ohrwurm oder ein musikalischer Werbe-Jingle es zu tun vermag.<\/p>\n<p>[\/vc_column_text][\/vc_column][\/vc_row][vc_row][vc_column width=&#8221;7\/12&#8243; css=&#8221;.vc_custom_1550721559098{padding-right: -100px !important;}&#8221;][vc_single_image image=&#8221;1782&#8243; img_size=&#8221;full&#8221; alignment=&#8221;center&#8221; css_animation=&#8221;none&#8221;][\/vc_column][vc_column width=&#8221;4\/12&#8243;][vc_empty_space height=&#8221;90px&#8221;][vc_separator color=&#8221;orange&#8221; style=&#8221;dashed&#8221; border_width=&#8221;5&#8243; css_animation=&#8221;fadeInLeft&#8221;][vc_empty_space height=&#8221;90px&#8221;][vc_separator color=&#8221;juicy_pink&#8221; style=&#8221;dashed&#8221; border_width=&#8221;5&#8243; css_animation=&#8221;fadeInLeft&#8221;][vc_empty_space height=&#8221;100px&#8221;][vc_separator color=&#8221;violet&#8221; style=&#8221;dashed&#8221; border_width=&#8221;5&#8243; css_animation=&#8221;fadeInLeft&#8221;][vc_empty_space height=&#8221;90px&#8221;][vc_separator color=&#8221;blue&#8221; style=&#8221;dashed&#8221; border_width=&#8221;5&#8243; css_animation=&#8221;fadeInLeft&#8221;][\/vc_column][vc_column width=&#8221;1\/12&#8243;][vc_empty_space height=&#8221;70px&#8221;][vc_single_image image=&#8221;1496&#8243; img_size=&#8221;50&#215;50&#8243; css_animation=&#8221;fadeInLeft&#8221;][vc_empty_space height=&#8221;40px&#8221;][vc_single_image image=&#8221;1497&#8243; img_size=&#8221;50&#215;50&#8243; css_animation=&#8221;fadeInLeft&#8221;][vc_empty_space height=&#8221;40px&#8221;][vc_single_image image=&#8221;1498&#8243; img_size=&#8221;50&#215;50&#8243; css_animation=&#8221;fadeInLeft&#8221;][vc_empty_space height=&#8221;50px&#8221;][vc_single_image image=&#8221;1499&#8243; img_size=&#8221;50&#215;50&#8243; css_animation=&#8221;fadeInLeft&#8221;][\/vc_column][\/vc_row][vc_row][vc_column][vc_empty_space height=&#8221;25px&#8221;][vc_separator color=&#8221;pink&#8221; align=&#8221;align_left&#8221; el_width=&#8221;30&#8243;][\/vc_column][\/vc_row][vc_row][vc_column][vc_custom_heading text=&#8221;What&#8217;s so special about our concept?&#8221; font_container=&#8221;tag:h2|font_size:22|text_align:left|color:%23000000&#8243; use_theme_fonts=&#8221;yes&#8221; css=&#8221;.vc_custom_1549227314166{padding-top: 30px !important;padding-bottom: 20px !important;}&#8221;][vc_column_text]Commonly informational-media or workflow processes are rather straight forward, plain and very functional &#8211; mostly because they have to.<br \/>\nPrinzipiell ist das auch keine schlechte Sache, da jeder Medienkanal seine Vorteile hat und die Funktionalit\u00e4t immer ein Hauptziel sein sollte. Wenn jedoch die Funktionalit\u00e4t die Oberhand gewinnt und der schlichte Text dominiert, wird die Botschaft zwar gelesen, aber oft nicht wirklich bleibend verinnerlicht. Oftmals werden alle Kommunikationskan\u00e4le gleichzeitig genutzt, um neue Informationen zu verbreiten - jedes Mal jedoch auf eine recht schlichte, unpers\u00f6nliche Art und Weise.<\/p>\n<p style=\"padding-left: 30px;\">Hier \u00fcbernimmt CS-Design. Nach unserer Erfahrung gibt es kein Problem und keine Informationen, die nicht auf authentische, optisch ansprechende Weise vermittelt werden k\u00f6nnten.<br \/>\nEin kleiner Witz und etwas Humor an den richtigen Stellen, sorgt daf\u00fcr, dass die Betrachter hinsehen und die pr\u00e4sentierten Informationen und Inhalte in ihrem Ged\u00e4chtnis haften bleiben.<br \/>\nIn einem Satz: Wir haben eine Methode entwickelt, die Ihre Informationen f\u00fcr Ihre Mitarbeiter einpr\u00e4gsamer macht.<\/p>\n<p>[\/vc_column_text][vc_separator color=&#8221;pink&#8221; align=&#8221;align_left&#8221; el_width=&#8221;30&#8243;][\/vc_column][\/vc_row][vc_row full_width=&#8221;stretch_row_content_no_spaces&#8221; equal_height=&#8221;yes&#8221; content_placement=&#8221;top&#8221;][vc_column]<div class=\"vl-hero-header vl-parallax vl-parallax--hero-effect\"  style=\"background-image: url(https:\/\/www.chris-stoeckel.de\/wp-content\/uploads\/2019\/02\/idea_light_bulb_03-e1550725241619.jpg);\"><div class=\"vl-hero-header--border\"><\/div><div class=\"vl-header--overlay\"><\/div><div class=\"vl-hero-header--inner\" style=\"padding-bottom: ; padding-top: 250px;\"><div class=\"container\"><div class=\"vl-text-center\"><\/div><\/div><\/div><\/div>[\/vc_column][\/vc_row][vc_row css=&#8221;.vc_custom_1549675934022{background-color: #ffffff !important;}&#8221;][vc_column width=&#8221;11\/12&#8243;][vc_empty_space height=&#8221;20px&#8221;][vc_separator color=&#8221;pink&#8221; align=&#8221;align_left&#8221; el_width=&#8221;30&#8243;][vc_column_text]The average human transfers emotions and messages more easily and willingly when the opposing side or person looks or is familiar.<br \/>\nCS-Design offers to take part in setting your employees in the best light to graphically represent your company. Pictured in an equal and authentic way this can help build linking bonds between employees. It can improve the work atmosphere and moral, increase the efficiency, reinforce internal affiliations and ensure a larger scale of information scattering.[\/vc_column_text][\/vc_column][vc_column width=&#8221;1\/12&#8243;][vc_empty_space height=&#8221;90px&#8221;][vc_text_separator title=&#8221;Examples&#8221; i_icon_fontawesome=&#8221;fa fa-arrow-down&#8221; i_color=&#8221;juicy_pink&#8221; i_size=&#8221;lg&#8221; title_align=&#8221;separator_align_left&#8221; color=&#8221;custom&#8221; css_animation=&#8221;fadeInDown&#8221; add_icon=&#8221;true&#8221;][\/vc_column][\/vc_row][vc_row][vc_column width=&#8221;1\/12&#8243;][vc_icon icon_fontawesome=&#8221;fa fa-lightbulb-o&#8221; color=&#8221;pink&#8221; size=&#8221;lg&#8221; align=&#8221;right&#8221; css=&#8221;.vc_custom_1550724450118{padding-top: 20px !important;}&#8221;][\/vc_column][vc_column width=&#8221;11\/12&#8243; el_id=&#8221;examples&#8221;][vc_custom_heading text=&#8221;exemplary graphical information-communication (design-campaigns)&#8221; font_container=&#8221;tag:h2|font_size:22|text_align:left|color:%23000000&#8243; use_theme_fonts=&#8221;yes&#8221; css=&#8221;.vc_custom_1557095347633{padding-top: 30px !important;padding-bottom: 20px !important;}&#8221;][\/vc_column][\/vc_row][vc_row rtl_reverse=&#8221;yes&#8221; el_class=&#8221;en-only&#8221;][vc_column width=&#8221;5\/6&#8243;][vc_images_carousel images=&#8221;3868,3763,3866,3867&#8243; img_size=&#8221;1280&#215;860&#8243; autoplay=&#8221;yes&#8221; hide_pagination_control=&#8221;yes&#8221; hide_prev_next_buttons=&#8221;yes&#8221; wrap=&#8221;yes&#8221;][\/vc_column][vc_column width=&#8221;1\/6&#8243;][vc_images_carousel images=&#8221;3868,3763,3866,3867&#8243; mode=&#8221;vertical&#8221; slides_per_view=&#8221;3&#8243; autoplay=&#8221;yes&#8221; hide_pagination_control=&#8221;yes&#8221; hide_prev_next_buttons=&#8221;yes&#8221; wrap=&#8221;yes&#8221; css=&#8221;.vc_custom_1562004584718{padding-left: 350px !important;}&#8221;][\/vc_column][\/vc_row][vc_row rtl_reverse=&#8221;yes&#8221; el_class=&#8221;de-only&#8221;][vc_column width=&#8221;5\/6&#8243;][vc_images_carousel images=&#8221;3870,3763,4054,3871&#8243; img_size=&#8221;1280&#215;860&#8243; autoplay=&#8221;yes&#8221; hide_pagination_control=&#8221;yes&#8221; hide_prev_next_buttons=&#8221;yes&#8221; wrap=&#8221;yes&#8221;][\/vc_column][vc_column width=&#8221;1\/6&#8243;][vc_images_carousel images=&#8221;3870,3763,4054,3871&#8243; mode=&#8221;vertical&#8221; slides_per_view=&#8221;3&#8243; autoplay=&#8221;yes&#8221; hide_pagination_control=&#8221;yes&#8221; hide_prev_next_buttons=&#8221;yes&#8221; wrap=&#8221;yes&#8221; css=&#8221;.vc_custom_1576427322273{padding-left: 350px !important;}&#8221;][\/vc_column][\/vc_row][vc_row full_width=&#8221;stretch_row_content_no_spaces&#8221; rtl_reverse=&#8221;yes&#8221;][vc_column width=&#8221;2\/12&#8243;][\/vc_column][vc_column width=&#8221;10\/12&#8243; css=&#8221;.vc_custom_1557170618409{padding-left: 85px !important;}&#8221;][vc_custom_heading text=&#8221;\u00a9 CS-Design &#8211; Presented (poster) design-campaign examples are exclusively for exemplary viewing purpose only and are to be understood as standalone layouts without further interpretation&#8221; font_container=&#8221;tag:h6|font_size:10|text_align:left&#8221; use_theme_fonts=&#8221;yes&#8221;][\/vc_column][\/vc_row][vc_row css=&#8221;.vc_custom_1549675934022{background-color: #ffffff !important;}&#8221;][vc_column][vc_empty_space height=&#8221;25px&#8221;][vc_separator color=&#8221;pink&#8221; align=&#8221;align_left&#8221; el_width=&#8221;30&#8243;][vc_custom_heading text=&#8221;Finalizing Words&#8221; font_container=&#8221;tag:h2|font_size:22|text_align:left|color:%23000000&#8243; use_theme_fonts=&#8221;yes&#8221; css=&#8221;.vc_custom_1551668294033{padding-top: 30px !important;padding-bottom: 20px !important;}&#8221;][vc_column_text]<\/p>\n<h6>Haben Sie eine Idee, eine noch offene Frage oder sind Sie einfach neugierig, was CS-Design f\u00fcr Sie tun kann?<br \/>\n<strong><span style=\"color: #ff6600;\"><a style=\"color: #ff6600;\" href=\"https:\/\/www.chris-stoeckel.de\/de\/contact\" target=\"_blank\" rel=\"noopener noreferrer\">Kontaktieren Sie uns.<\/a> <\/span><\/strong>- wir sind gespannt auf Ihre Ideen und beraten Sie gerne.<\/h6>\n<p>[\/vc_column_text][vc_empty_space height=&#8221;25px&#8221;][\/vc_column][\/vc_row][vc_row][vc_column width=&#8221;1\/2&#8243;][vc_icon icon_fontawesome=&#8221;fa fa-hand-o-down&#8221; color=&#8221;juicy_pink&#8221; size=&#8221;lg&#8221; css_animation=&#8221;none&#8221; link=&#8221;url:https%3A%2F%2Fwww.chris-stoeckel.de%2Fcontact%2F||target:%20_blank|&#8221; css=&#8221;.vc_custom_1557095473023{padding-left: 50px !important;}&#8221;][\/vc_column][vc_column width=&#8221;1\/2&#8243; css=&#8221;.vc_custom_1557095717317{padding-left: 25px !important;}&#8221;][vc_icon type=&#8221;linecons&#8221; icon_linecons=&#8221;vc_li vc_li-bulb&#8221; color=&#8221;juicy_pink&#8221; size=&#8221;lg&#8221; css_animation=&#8221;none&#8221; css=&#8221;.vc_custom_1557095479592{padding-left: 70px !important;}&#8221; link=&#8221;url:https%3A%2F%2Fwww.chris-stoeckel.de%2Fideas-appliances%2F||target:%20_blank|&#8221;][\/vc_column][\/vc_row][vc_row][vc_column width=&#8221;1\/2&#8243;]<a href=\"https:\/\/www.chris-stoeckel.de\/de\/contact\" target =\"_blank\" class=\"vl-btn vl-btn--primary vl-btn--sm vl-btn--effect\"><span class=\"vl-btn--text\">Kontaktieren Sie uns.<\/span><i class=\"vl-btn--icon fa fa-envelope-open-o\"><\/i><\/a>[\/vc_column][vc_column width=&#8221;1\/2&#8243;]<a href=\"https:\/\/www.chris-stoeckel.de\/de\/ideas-appliances\" target =\"_blank\" class=\"vl-btn vl-btn--primary vl-btn--sm vl-btn--effect\"><span class=\"vl-btn--text\">mehr Ideen & Anwendungsbereiche<\/span><\/a>[\/vc_column][\/vc_row][vc_row][vc_column][vc_empty_space height=&#8221;50px&#8221;][\/vc_column][\/vc_row]<\/p>","protected":false},"excerpt":{"rendered":"<p>[vc_row full_width=&#8221;stretch_row_content_no_spaces&#8221; content_placement=&#8221;top&#8221;][vc_column][\/vc_column][\/vc_row][vc_row][vc_column][vc_custom_heading text=&#8221;Explore our unique method of designing expressive graphic-campaigns for your in-house employee and information communication.&#8221; font_container=&#8221;tag:h2|font_size:22|text_align:left|color:%23000000&#8243; use_theme_fonts=&#8221;yes&#8221; css=&#8221;.vc_custom_1553012868574{padding-top: 30px !important;padding-bottom: 20px !important;}&#8221;][vc_empty_space height=&#8221;25px&#8221;][\/vc_column][\/vc_row][vc_row][vc_column width=&#8221;1\/12&#8243;][vc_icon type=&#8221;entypo&#8221; icon_entypo=&#8221;entypo-icon entypo-icon-right-open&#8221; color=&#8221;juicy_pink&#8221; size=&#8221;lg&#8221; align=&#8221;center&#8221; css_animation=&#8221;fadeInLeft&#8221;][\/vc_column][vc_column width=&#8221;6\/12&#8243;][vc_empty_space height=&#8221;20px&#8221;][vc_column_text] Not the right solution or just in need of a single design? [\/vc_column_text][\/vc_column][vc_column width=&#8221;1\/12&#8243;][vc_icon icon_fontawesome=&#8221;fa fa-hand-o-right&#8221; color=&#8221;juicy_pink&#8221; align=&#8221;center&#8221; css_animation=&#8221;fadeInLeft&#8221;][\/vc_column][vc_column width=&#8221;4\/12&#8243;][vc_empty_space height=&#8221;10px&#8221;][\/vc_column][\/vc_row][vc_row][vc_column][vc_custom_heading text=&#8221;Challenges caused by common communication tools &amp; their &#8230;<\/p>","protected":false},"author":2,"featured_media":0,"parent":0,"menu_order":0,"comment_status":"closed","ping_status":"closed","template":"template-page-custom.php","meta":[],"_links":{"self":[{"href":"https:\/\/www.chris-stoeckel.de\/de\/wp-json\/wp\/v2\/pages\/153"}],"collection":[{"href":"https:\/\/www.chris-stoeckel.de\/de\/wp-json\/wp\/v2\/pages"}],"about":[{"href":"https:\/\/www.chris-stoeckel.de\/de\/wp-json\/wp\/v2\/types\/page"}],"author":[{"embeddable":true,"href":"https:\/\/www.chris-stoeckel.de\/de\/wp-json\/wp\/v2\/users\/2"}],"replies":[{"embeddable":true,"href":"https:\/\/www.chris-stoeckel.de\/de\/wp-json\/wp\/v2\/comments?post=153"}],"version-history":[{"count":600,"href":"https:\/\/www.chris-stoeckel.de\/de\/wp-json\/wp\/v2\/pages\/153\/revisions"}],"predecessor-version":[{"id":4056,"href":"https:\/\/www.chris-stoeckel.de\/de\/wp-json\/wp\/v2\/pages\/153\/revisions\/4056"}],"wp:attachment":[{"href":"https:\/\/www.chris-stoeckel.de\/de\/wp-json\/wp\/v2\/media?parent=153"}],"curies":[{"name":"wp","href":"https:\/\/api.w.org\/{rel}","templated":true}]}}