{"id":1067,"date":"2019-02-09T03:58:17","date_gmt":"2019-02-09T02:58:17","guid":{"rendered":"https:\/\/www.chris-stoeckel.de\/?page_id=1067"},"modified":"2019-05-08T18:42:23","modified_gmt":"2019-05-08T16:42:23","slug":"impressum","status":"publish","type":"page","link":"https:\/\/www.chris-stoeckel.de\/de\/impressum\/","title":{"rendered":"Impressum"},"content":{"rendered":"<p>[vc_row full_width=&#8221;stretch_row_content_no_spaces&#8221;][vc_column]<div class=\"vl-hero-header vl-parallax vl-parallax--hero-effect\"  style=\"background-image: url(https:\/\/www.chris-stoeckel.de\/wp-content\/uploads\/2019\/04\/664_02.jpg);\"><div class=\"vl-hero-header--border\"><\/div><div class=\"vl-header--overlay\"><\/div><div class=\"vl-hero-header--inner\" style=\"padding-bottom: ; padding-top: 150px;\"><div class=\"container\"><div class=\"vl-text-center\"><h1 class=\"hero-title\">Impressum<\/h1><\/div><\/div><\/div><\/div>[vc_empty_space height=&#8221;25px&#8221;][\/vc_column][\/vc_row][vc_row][vc_column width=&#8221;1\/12&#8243;][vc_icon icon_fontawesome=&#8221;fa fa-user&#8221; color=&#8221;juicy_pink&#8221; size=&#8221;lg&#8221; css_animation=&#8221;fadeInDown&#8221;][\/vc_column][vc_column width=&#8221;11\/12&#8243;][vc_empty_space height=&#8221;25px&#8221;][vc_column_text]<\/p>\n<h5><strong>Verantwortlich f\u00fcr die Seite, eigene Bilder und Texte etc.<\/strong> (\u00a7 5 TMG)<\/h5>\n<p>[\/vc_column_text][\/vc_column][\/vc_row][vc_row][vc_column][vc_column_text]<\/p>\n<h6>CS-Design<br \/>\nChristopher St\u00f6ckel (Mediendesign Freelancer)<br \/>\nCeller Str. 15<br \/>\n31275, Lehrte<br \/>\nHannover<br \/>\nDeutschland<br \/>\nTelefon 05136 920 48 49<br \/>\n<a href=\"mailto:info@chris-stoeckel.de\">info[at]chris-stoeckel.de<\/a><\/h6>\n<h6>USt.-IdNr. entf\u00e4llt gem\u00e4\u00df \u00a7 19 Abs. 1 UStG (Kleinstunternehmer-Regelung)<\/h6>\n<p>[\/vc_column_text][\/vc_column][\/vc_row][vc_row][vc_column][vc_empty_space height=&#8221;25px&#8221;][vc_column_text]<\/p>\n<h4>Haftungsausschluss f\u00fcr Inhalte<\/h4>\n<h6>Die Inhalte dieser Seiten wurden mit gr\u00f6\u00dfter Sorgfalt erstellt.<br \/>\nF\u00fcr die Richtigkeit, Vollst\u00e4ndigkeit und Aktualit\u00e4t der Inhalte k\u00f6nnen wir jedoch keine Gew\u00e4hr \u00fcbernehmen. Als Dienstleister sind wir gem\u00e4\u00df \u00a7 7 Abs.1 TMG f\u00fcr eigene Inhalte auf diesen Seiten nach den allgemeinen Gesetzen verantwortlich. Nach \u00a7\u00a7 8 bis 10 TMG sind wir als Dienstleister jedoch nicht verpflichtet, \u00fcbermittelte oder gespeicherte fremde Informationen zu \u00fcberwachen oder nach Umst\u00e4nden zu forschen, die auf eine rechtswidrige T\u00e4tigkeit hinweisen.<br \/>\nVerpflichtungen zur Entfernung oder Sperrung der Nutzung von Informationen nach den allgemeinen Gesetzen bleiben hiervon unber\u00fchrt. Eine diesbez\u00fcgliche Haftung ist jedoch erst ab dem Zeitpunkt der Kenntnis einer konkreten Rechtsverletzung m\u00f6glich. Bei Bekanntwerden von Rechtsverletzungen werden wir derartige Inhalte umgehend entfernen.<\/h6>\n<p>&nbsp;<\/p>\n<h4>Urheberrechtshinweis<\/h4>\n<h6>Die durch den Seitenbetreiber erstellten Inhalte und Werke auf diesen Seiten unterliegen dem deutschen Urheberrecht. Die gezeigten Designs und Stile sind als exemplarisch zu verstehen und dienen nur der Visualisierung bzw. dem Ausdruck von Stilrichtungen, Design-Kompetenz und kreativem Talent von CS-Design.<\/h6>\n<h6>Die Vervielf\u00e4ltigung, Bearbeitung, Verbreitung und jede Art der weiteren Verwendung au\u00dferhalb der Grenze des Urheberrechts bed\u00fcrfen der ausdr\u00fccklichen Zustimmung des jeweiligen Autors sowie von CS-Design. Sollten Sie trotzdem auf eine Urheberrechtsverletzung aufmerksam werden, bitten wir Sie, uns unverz\u00fcglich zu informieren. Bei Bekanntwerden von Rechtsverletzungen werden wir derartige Inhalte umgehend entfernen.<\/h6>\n<p>[\/vc_column_text][\/vc_column][\/vc_row]<\/p>","protected":false},"excerpt":{"rendered":"<p>[vc_row full_width=&#8221;stretch_row_content_no_spaces&#8221;][vc_column][vc_empty_space height=&#8221;25px&#8221;][\/vc_column][\/vc_row][vc_row][vc_column width=&#8221;1\/12&#8243;][vc_icon icon_fontawesome=&#8221;fa fa-user&#8221; color=&#8221;juicy_pink&#8221; size=&#8221;lg&#8221; css_animation=&#8221;fadeInDown&#8221;][\/vc_column][vc_column width=&#8221;11\/12&#8243;][vc_empty_space height=&#8221;25px&#8221;][vc_column_text] Responsible for site, own pictures and texts etc. (\u00a7 5 TMG) [\/vc_column_text][\/vc_column][\/vc_row][vc_row][vc_column][vc_column_text] CS-Design Christopher St\u00f6ckel (Media-Design Freelancer) Celler Str. 15 31275, Lehrte Hannover Germany Phone +49 5136 920 48 49 info[at]chris-stoeckel.de USt.-IdNr. not applicable according to \u00a7 19 para. 1 UStG (Germany) [\/vc_column_text][\/vc_column][\/vc_row][vc_row][vc_column][vc_empty_space height=&#8221;25px&#8221;][vc_column_text] Disclaimer for contents The contents of these pages were created &#8230;<\/p>","protected":false},"author":5,"featured_media":0,"parent":0,"menu_order":0,"comment_status":"closed","ping_status":"closed","template":"template-page-custom.php","meta":[],"_links":{"self":[{"href":"https:\/\/www.chris-stoeckel.de\/de\/wp-json\/wp\/v2\/pages\/1067"}],"collection":[{"href":"https:\/\/www.chris-stoeckel.de\/de\/wp-json\/wp\/v2\/pages"}],"about":[{"href":"https:\/\/www.chris-stoeckel.de\/de\/wp-json\/wp\/v2\/types\/page"}],"author":[{"embeddable":true,"href":"https:\/\/www.chris-stoeckel.de\/de\/wp-json\/wp\/v2\/users\/5"}],"replies":[{"embeddable":true,"href":"https:\/\/www.chris-stoeckel.de\/de\/wp-json\/wp\/v2\/comments?post=1067"}],"version-history":[{"count":49,"href":"https:\/\/www.chris-stoeckel.de\/de\/wp-json\/wp\/v2\/pages\/1067\/revisions"}],"predecessor-version":[{"id":3776,"href":"https:\/\/www.chris-stoeckel.de\/de\/wp-json\/wp\/v2\/pages\/1067\/revisions\/3776"}],"wp:attachment":[{"href":"https:\/\/www.chris-stoeckel.de\/de\/wp-json\/wp\/v2\/media?parent=1067"}],"curies":[{"name":"wp","href":"https:\/\/api.w.org\/{rel}","templated":true}]}}